{"id":5395,"date":"2025-05-05T11:53:09","date_gmt":"2025-05-05T11:53:09","guid":{"rendered":"https:\/\/tenutabally.ch\/?post_type=product&#038;p=5395"},"modified":"2026-01-06T13:33:58","modified_gmt":"2026-01-06T12:33:58","slug":"2017-oport-uno","status":"publish","type":"product","link":"https:\/\/tenutabally.ch\/fr\/product\/2017-oport-uno\/","title":{"rendered":"2017 O&rsquo;Port Uno"},"content":{"rendered":"<h2>Vin de dessert de type Porto<\/h2>\n<p>\u00c9labor\u00e9 \u00e0 partir de 100 % de merlot, ce vin de dessert de type porto offre une exp\u00e9rience riche et sucr\u00e9e avec un taux d&rsquo;alcool de 18 % par volume.<\/p>\n<details>\n<summary>Processus de production<\/summary>\n<p>O&rsquo;Port Uno est \u00e9labor\u00e9 \u00e0 partir de raisins de merlot soigneusement s\u00e9lectionn\u00e9s dans nos vignobles du Tessin. Les raisins sont r\u00e9colt\u00e9s \u00e0 un stade de maturit\u00e9 optimal afin de garantir un taux de sucre \u00e9lev\u00e9. Pendant la fermentation, un alcool neutre est ajout\u00e9 pour fortifier le vin, stopper le processus de fermentation et pr\u00e9server la douceur naturelle des raisins. Cette m\u00e9thode, inspir\u00e9e de la production traditionnelle de porto, donne un vin de dessert riche et savoureux.<\/p>\n<\/details>\n<details>\n<summary>Informations techniques<\/summary>\n<h6>C\u00e9pages<\/h6>\n<p>100% Merlot<\/p>\n<h6>Teneur en alcool<\/h6>\n<p>18% vol<\/p>\n<h6>Type<\/h6>\n<p>Vin de dessert de type Porto<\/p>\n<\/details>\n<p><a href=\"https:\/\/tenutabally.ch\/fr\/boutique\/\" class=\"button\">POURSUIVRE VOS ACHATS<\/a><\/p>\n","protected":false},"excerpt":{"rendered":"<p>Brillant, \u00e9l\u00e9gant, \u00e9quilibr\u00e9<\/p>\n","protected":false},"featured_media":5398,"comment_status":"closed","ping_status":"closed","template":"","meta":[],"product_brand":[],"product_cat":[],"product_tag":[140],"class_list":{"0":"post-5395","1":"product","2":"type-product","3":"status-publish","4":"has-post-thumbnail","6":"product_tag-merlot-fr","8":"first","9":"instock","10":"taxable","11":"shipping-taxable","12":"purchasable","13":"product-type-simple"},"_links":{"self":[{"href":"https:\/\/tenutabally.ch\/fr\/wp-json\/wp\/v2\/product\/5395","targetHints":{"allow":["GET"]}}],"collection":[{"href":"https:\/\/tenutabally.ch\/fr\/wp-json\/wp\/v2\/product"}],"about":[{"href":"https:\/\/tenutabally.ch\/fr\/wp-json\/wp\/v2\/types\/product"}],"replies":[{"embeddable":true,"href":"https:\/\/tenutabally.ch\/fr\/wp-json\/wp\/v2\/comments?post=5395"}],"wp:featuredmedia":[{"embeddable":true,"href":"https:\/\/tenutabally.ch\/fr\/wp-json\/wp\/v2\/media\/5398"}],"wp:attachment":[{"href":"https:\/\/tenutabally.ch\/fr\/wp-json\/wp\/v2\/media?parent=5395"}],"wp:term":[{"taxonomy":"product_brand","embeddable":true,"href":"https:\/\/tenutabally.ch\/fr\/wp-json\/wp\/v2\/product_brand?post=5395"},{"taxonomy":"product_cat","embeddable":true,"href":"https:\/\/tenutabally.ch\/fr\/wp-json\/wp\/v2\/product_cat?post=5395"},{"taxonomy":"product_tag","embeddable":true,"href":"https:\/\/tenutabally.ch\/fr\/wp-json\/wp\/v2\/product_tag?post=5395"}],"curies":[{"name":"wp","href":"https:\/\/api.w.org\/{rel}","templated":true}]}}