{"id":5177,"date":"2025-03-28T11:19:35","date_gmt":"2025-03-28T11:19:35","guid":{"rendered":"https:\/\/tenutabally.ch\/product\/grappa-legere-43-vol\/"},"modified":"2026-01-06T13:33:59","modified_gmt":"2026-01-06T12:33:59","slug":"grappa-legere-43-vol","status":"publish","type":"product","link":"https:\/\/tenutabally.ch\/fr\/product\/grappa-legere-43-vol\/","title":{"rendered":"Grappa"},"content":{"rendered":"<h2>Grappa traditionnelle 43% vol<\/h2>\n<p>\u00c9labor\u00e9e \u00e0 partir des c\u00e9pages Merlot et Cabernet, cette grappa traditionnelle offre un spiritueux l\u00e9ger et raffin\u00e9 avec 43 % d&rsquo;alcool en volume.<\/p>\n<details>\n<summary>Processus de production<\/summary>\n<p>Produite \u00e0 partir du marc des raisins Merlot et Cabernet, cette grappa traditionnelle est distill\u00e9e selon des m\u00e9thodes ancestrales afin de capturer l&rsquo;essence des c\u00e9pages. Le processus de distillation permet d&rsquo;extraire soigneusement les compos\u00e9s aromatiques, ce qui donne une eau-de-vie l\u00e9g\u00e8re et raffin\u00e9e.<\/p>\n<\/details>\n<details>\n<summary>Informations techniques<\/summary>\n<h6>C\u00e9pages<\/h6>\n<p>Merlot et Cabernet<\/p>\n<h6>Teneur en alcool<\/h6>\n<p>43% vol<\/p>\n<h6>Type<\/h6>\n<p>Grappa traditionnelle (l\u00e9g\u00e8re)<\/p>\n<\/details>\n<p><a href=\"https:\/\/tenutabally.ch\/fr\/boutique\/\" class=\"button\">POURSUIVRE VOS ACHATS<\/a><\/p>\n","protected":false},"excerpt":{"rendered":"<p>Brillant, \u00e9l\u00e9gant, \u00e9quilibr\u00e9<\/p>\n","protected":false},"featured_media":5884,"comment_status":"closed","ping_status":"closed","template":"","meta":[],"product_brand":[114],"product_cat":[128],"product_tag":[139,140],"class_list":{"0":"post-5177","1":"product","2":"type-product","3":"status-publish","4":"has-post-thumbnail","6":"product_brand-grappa","7":"product_cat-distille","8":"product_tag-cabernet-sauvignon-fr","9":"product_tag-merlot-fr","11":"first","12":"instock","13":"taxable","14":"shipping-taxable","15":"purchasable","16":"product-type-simple"},"_links":{"self":[{"href":"https:\/\/tenutabally.ch\/fr\/wp-json\/wp\/v2\/product\/5177","targetHints":{"allow":["GET"]}}],"collection":[{"href":"https:\/\/tenutabally.ch\/fr\/wp-json\/wp\/v2\/product"}],"about":[{"href":"https:\/\/tenutabally.ch\/fr\/wp-json\/wp\/v2\/types\/product"}],"replies":[{"embeddable":true,"href":"https:\/\/tenutabally.ch\/fr\/wp-json\/wp\/v2\/comments?post=5177"}],"wp:featuredmedia":[{"embeddable":true,"href":"https:\/\/tenutabally.ch\/fr\/wp-json\/wp\/v2\/media\/5884"}],"wp:attachment":[{"href":"https:\/\/tenutabally.ch\/fr\/wp-json\/wp\/v2\/media?parent=5177"}],"wp:term":[{"taxonomy":"product_brand","embeddable":true,"href":"https:\/\/tenutabally.ch\/fr\/wp-json\/wp\/v2\/product_brand?post=5177"},{"taxonomy":"product_cat","embeddable":true,"href":"https:\/\/tenutabally.ch\/fr\/wp-json\/wp\/v2\/product_cat?post=5177"},{"taxonomy":"product_tag","embeddable":true,"href":"https:\/\/tenutabally.ch\/fr\/wp-json\/wp\/v2\/product_tag?post=5177"}],"curies":[{"name":"wp","href":"https:\/\/api.w.org\/{rel}","templated":true}]}}