{"id":5084,"date":"2025-01-22T10:18:32","date_gmt":"2025-01-22T10:18:32","guid":{"rendered":"https:\/\/tenutabally.ch\/product\/2016-riserva-ernesto-caisse-6-x-75cl\/"},"modified":"2026-01-06T13:36:24","modified_gmt":"2026-01-06T12:36:24","slug":"2016-riserva-ernesto-75cl","status":"publish","type":"product","link":"https:\/\/tenutabally.ch\/fr\/product\/2016-riserva-ernesto-75cl\/","title":{"rendered":"2016 Riserva Ernesto (75cl)"},"content":{"rendered":"<details>\n<summary>Notes de d\u00e9gustation<\/summary>\n<h6>Ar\u00f4me<\/h6>\n<p>Bouquet complexe avec des notes de m\u00fbres, de prunes et de cassis, compl\u00e9t\u00e9es par des notes de tabac, de vanille et d&rsquo;\u00e9pices.<\/p>\n<h6>Le palais<\/h6>\n<p>Cors\u00e9 et riche, avec des tanins velout\u00e9s et des saveurs de fruits noirs m\u00fbrs, de c\u00e8dre et une touche de chocolat noir. Le ch\u00eane bien int\u00e9gr\u00e9 offre une finale persistante et \u00e9l\u00e9gante.<\/p>\n<\/details>\n<details>\n<summary>Vinification<\/summary>\n<p>Assemblage de merlot, de cabernet sauvignon et de cabernet franc. Le vin est \u00e9lev\u00e9 en barriques pendant 12 \u00e0 18 mois, puis en bouteille afin d&rsquo;obtenir un profil raffin\u00e9 et \u00e9quilibr\u00e9.<\/p>\n<\/details>\n<details>\n<summary>Informations techniques<\/summary>\n<h6>Type de fermeture<\/h6>\n<p>Li\u00e8ge<\/p>\n<h6>Volume (ml)<\/h6>\n<p>750ml<\/p>\n<h6>Vari\u00e9t\u00e9<\/h6>\n<p>Merlot, Cabernet Sauvignon, Cabernet Franc<\/p>\n<h6>R\u00e9gion<\/h6>\n<p>Tessin, Suisse<\/p>\n<h6>Alcool (% vol.)<\/h6>\n<p>13%\u201314% (environ)<\/p>\n<\/details>\n<details>\n<summary>Prix et distinctions<\/summary>\n<h6>Prix<\/h6>\n<ul>\n<li><strong>Grand Prix Expovina 2014 :<\/strong> M\u00e9daille d&rsquo;or pour Ernesto 2010, 89,2 points<\/li>\n<li><strong>Grand Prix du Vin Suisse 2013 :<\/strong> M\u00e9daille d&rsquo;argent pour Ernesto 2009, 87,2 points<\/li>\n<li><strong>AWC Vienne 2013 :<\/strong> M\u00e9daille d&rsquo;argent pour Ernesto 2010<\/li>\n<li><strong>Grand Prix Expovina 2013 :<\/strong> Ernesto 2010, 86,4 points<\/li>\n<li><strong>Veronelli 2012 :<\/strong> Ernesto 2009, Il Sole, 94 points<\/li>\n<li><strong>Veronelli 2011 :<\/strong> Ernesto 2008, 3 \u00e9toiles, 93 points<\/li>\n<\/ul>\n<\/details>\n<details>\n<summary>Emballage<\/summary>\n<p><strong>IMPORTANT<\/strong>: Ce produit est vendu par carton de 6 bouteilles de 75 cl.<\/p>\n<\/details>\n<p><a href=\"https:\/\/tenutabally.ch\/fr\/boutique\/\" class=\"button\">POURSUIVRE VOS ACHATS<\/a><\/p>\n","protected":false},"excerpt":{"rendered":"<p>Croustillant, doux, frais<\/p>\n","protected":false},"featured_media":4718,"comment_status":"closed","ping_status":"closed","template":"","meta":[],"product_brand":[104],"product_cat":[156],"product_tag":[157,139,158,125],"class_list":{"0":"post-5084","1":"product","2":"type-product","3":"status-publish","4":"has-post-thumbnail","6":"product_brand-riserva-ernesto","7":"product_cat-rouge","8":"product_tag-cabernet-franc-fr","9":"product_tag-cabernet-sauvignon-fr","10":"product_tag-riserva-fr","11":"product_tag-ticino-merlot-doc-fr","13":"first","14":"instock","15":"taxable","16":"shipping-taxable","17":"purchasable","18":"product-type-simple"},"_links":{"self":[{"href":"https:\/\/tenutabally.ch\/fr\/wp-json\/wp\/v2\/product\/5084","targetHints":{"allow":["GET"]}}],"collection":[{"href":"https:\/\/tenutabally.ch\/fr\/wp-json\/wp\/v2\/product"}],"about":[{"href":"https:\/\/tenutabally.ch\/fr\/wp-json\/wp\/v2\/types\/product"}],"replies":[{"embeddable":true,"href":"https:\/\/tenutabally.ch\/fr\/wp-json\/wp\/v2\/comments?post=5084"}],"wp:featuredmedia":[{"embeddable":true,"href":"https:\/\/tenutabally.ch\/fr\/wp-json\/wp\/v2\/media\/4718"}],"wp:attachment":[{"href":"https:\/\/tenutabally.ch\/fr\/wp-json\/wp\/v2\/media?parent=5084"}],"wp:term":[{"taxonomy":"product_brand","embeddable":true,"href":"https:\/\/tenutabally.ch\/fr\/wp-json\/wp\/v2\/product_brand?post=5084"},{"taxonomy":"product_cat","embeddable":true,"href":"https:\/\/tenutabally.ch\/fr\/wp-json\/wp\/v2\/product_cat?post=5084"},{"taxonomy":"product_tag","embeddable":true,"href":"https:\/\/tenutabally.ch\/fr\/wp-json\/wp\/v2\/product_tag?post=5084"}],"curies":[{"name":"wp","href":"https:\/\/api.w.org\/{rel}","templated":true}]}}