{"id":5079,"date":"2025-01-22T11:04:02","date_gmt":"2025-01-22T11:04:02","guid":{"rendered":"https:\/\/tenutabally.ch\/product\/2020-cresperino-caisse-6-x-75cl\/"},"modified":"2026-01-06T13:34:02","modified_gmt":"2026-01-06T12:34:02","slug":"2020-cresperino-75cl","status":"publish","type":"product","link":"https:\/\/tenutabally.ch\/fr\/product\/2020-cresperino-75cl\/","title":{"rendered":"2020 Cresperino (75cl)"},"content":{"rendered":"<details>\n<summary>Notes de d\u00e9gustation<\/summary>\n<h6>Ar\u00f4me<\/h6>\n<p>Floral et frais, avec des notes vibrantes de petits fruits rouges, de cerises et une touche d&rsquo;herbes. De subtiles notes d&rsquo;\u00e9pices douces et de tabac viennent enrichir la complexit\u00e9 aromatique.<\/p>\n<h6>Le palais<\/h6>\n<p>Moyennement cors\u00e9, avec une acidit\u00e9 \u00e9quilibr\u00e9e et une texture onctueuse. La bouche est domin\u00e9e par des saveurs fruit\u00e9es fra\u00eeches et g\u00e9n\u00e9reuses, avec un retour aromatique persistant de fruits rouges, d&rsquo;\u00e9pices l\u00e9g\u00e8res et de tabac. Les tanins velout\u00e9s contribuent \u00e0 une finale raffin\u00e9e et \u00e9l\u00e9gante.<\/p>\n<\/details>\n<details>\n<summary>Vinification<\/summary>\n<h6>Vinification<\/h6>\n<p>\u00c9labor\u00e9 \u00e0 partir de raisins 100% Merlot cultiv\u00e9s dans la parcelle \u00ab\u00a0Crespera\u00a0\u00bb, caract\u00e9ris\u00e9e par un sol argilo-calcaire avec une forte pr\u00e9sence de pierres. Les vignes ont un \u00e2ge moyen de 35 ans. La vinification traditionnelle est effectu\u00e9e dans des cuves en b\u00e9ton, avec une mac\u00e9ration d&rsquo;environ 15 jours pour obtenir une extraction optimale des saveurs et des ar\u00f4mes.<\/p>\n<h6>Vieillissement<\/h6>\n<p>Vieillissement en f\u00fbts de ch\u00eane fran\u00e7ais de style bordelais de deuxi\u00e8me et troisi\u00e8me passage pour int\u00e9grer subtilement le ch\u00eane et mettre en valeur la fra\u00eecheur et le caract\u00e8re du vin.<\/p>\n<\/details>\n<details>\n<summary>Informations techniques<\/summary>\n<h6>Type de fermeture<\/h6>\n<p>Li\u00e8ge<\/p>\n<h6>Volume (ml)<\/h6>\n<p>750ml<\/p>\n<h6>Vari\u00e9t\u00e9<\/h6>\n<p>100% Merlot<\/p>\n<h6>R\u00e9gion<\/h6>\n<p>Vezia, Tessin, Suisse<\/p>\n<h6>Alcool (% vol.)<\/h6>\n<p>12.5%\u201313%<\/p>\n<h6>Maturit\u00e9<\/h6>\n<p>2-6+ ans<\/p>\n<h6>Emballage<\/h6>\n<p><strong>IMPORTANT<\/strong>: Ce produit est vendu par carton de 6 bouteilles de 75cl.<\/details>\n<details>\n<summary>Critiques de produits et r\u00e9compenses<\/summary>\n<h6>Prix<\/h6>\n<ul>\n<li><strong>AWC Vienne 2013 :<\/strong> M\u00e9daille d&rsquo;argent pour le Cresperino 2011<\/li>\n<li><strong>Expovina 2013 :<\/strong> 85,6 points pour Cresperino 2011<\/li>\n<li><strong>Veronelli 2010 :<\/strong> 2 \u00e9toiles, 89 points pour Cresperino 2007<\/li>\n<li><strong>Expovina 2007 :<\/strong> M\u00e9daille d&rsquo;or pour le Cresperino 2005<\/li>\n<li><strong>Expovina 2005 :<\/strong> M\u00e9daille d&rsquo;argent pour le Cresperino 2002<\/li>\n<\/ul>\n<\/details>\n<p><a href=\"https:\/\/tenutabally.ch\/fr\/boutique\/\" class=\"button\">POURSUIVRE VOS ACHATS<\/a><\/p>\n","protected":false},"excerpt":{"rendered":"<p>Frais, \u00e9l\u00e9gant, harmonieux<\/p>\n","protected":false},"featured_media":4730,"comment_status":"closed","ping_status":"closed","template":"","meta":[],"product_brand":[98],"product_cat":[156],"product_tag":[125],"class_list":{"0":"post-5079","1":"product","2":"type-product","3":"status-publish","4":"has-post-thumbnail","6":"product_brand-cresperino","7":"product_cat-rouge","8":"product_tag-ticino-merlot-doc-fr","10":"first","11":"instock","12":"taxable","13":"shipping-taxable","14":"purchasable","15":"product-type-simple"},"_links":{"self":[{"href":"https:\/\/tenutabally.ch\/fr\/wp-json\/wp\/v2\/product\/5079","targetHints":{"allow":["GET"]}}],"collection":[{"href":"https:\/\/tenutabally.ch\/fr\/wp-json\/wp\/v2\/product"}],"about":[{"href":"https:\/\/tenutabally.ch\/fr\/wp-json\/wp\/v2\/types\/product"}],"replies":[{"embeddable":true,"href":"https:\/\/tenutabally.ch\/fr\/wp-json\/wp\/v2\/comments?post=5079"}],"wp:featuredmedia":[{"embeddable":true,"href":"https:\/\/tenutabally.ch\/fr\/wp-json\/wp\/v2\/media\/4730"}],"wp:attachment":[{"href":"https:\/\/tenutabally.ch\/fr\/wp-json\/wp\/v2\/media?parent=5079"}],"wp:term":[{"taxonomy":"product_brand","embeddable":true,"href":"https:\/\/tenutabally.ch\/fr\/wp-json\/wp\/v2\/product_brand?post=5079"},{"taxonomy":"product_cat","embeddable":true,"href":"https:\/\/tenutabally.ch\/fr\/wp-json\/wp\/v2\/product_cat?post=5079"},{"taxonomy":"product_tag","embeddable":true,"href":"https:\/\/tenutabally.ch\/fr\/wp-json\/wp\/v2\/product_tag?post=5079"}],"curies":[{"name":"wp","href":"https:\/\/api.w.org\/{rel}","templated":true}]}}