{"id":5075,"date":"2025-01-22T11:54:50","date_gmt":"2025-01-22T11:54:50","guid":{"rendered":"https:\/\/tenutabally.ch\/product\/2023-sarabanda-caisse-6-x-75cl\/"},"modified":"2026-01-06T13:34:00","modified_gmt":"2026-01-06T12:34:00","slug":"2023-sarabanda-75cl","status":"publish","type":"product","link":"https:\/\/tenutabally.ch\/fr\/product\/2023-sarabanda-75cl\/","title":{"rendered":"2023 Sarabanda (75cl)"},"content":{"rendered":"<details>\n<summary>Notes de d\u00e9gustation<\/summary>\n<h6>Ar\u00f4me<\/h6>\n<p>Floral et fruit\u00e9, avec des notes d\u00e9licates de baies sauvages, de pamplemousse et de p\u00eache blanche. Des notes subtiles d&rsquo;agrumes et de fleurs blanches ajoutent une complexit\u00e9 rafra\u00eechissante.<\/p>\n<h6>Le palais<\/h6>\n<p>Frais et vif, il pr\u00e9sente une acidit\u00e9 agr\u00e9able et des saveurs de pamplemousse zest\u00e9, de p\u00eache blanche et de petits fruits des bois. La finale est douce, persistante et bien \u00e9quilibr\u00e9e, ce qui en fait un choix d\u00e9licieux pour une vari\u00e9t\u00e9 d&rsquo;occasions.<\/p>\n<\/details>\n<details>\n<summary>Vinification<\/summary>\n<h6>Vinification<\/h6>\n<p>Produit \u00e0 partir de 100% de merlot provenant des plus jeunes vignes du domaine. Les raisins sont press\u00e9s doucement et vinifi\u00e9s comme un vin blanc sans aucun additif pour corriger la couleur.<\/p>\n<h6>Vieillissement<\/h6>\n<p>Vieillissement en cuves inox et en bouteille pendant environ six mois pour pr\u00e9server son profil frais et aromatique.<\/p>\n<\/details>\n<details>\n<summary>Informations techniques<\/summary>\n<h6>Type de fermeture<\/h6>\n<p>Li\u00e8ge<\/p>\n<h6>Volume (ml)<\/h6>\n<p>750ml<\/p>\n<h6>Vari\u00e9t\u00e9<\/h6>\n<p>Bianco di Merlot<\/p>\n<h6>R\u00e9gion<\/h6>\n<p>Tessin, Suisse<\/p>\n<h6>Vintage<\/h6>\n<p>2023<\/p>\n<h6>Alcool (% vol.)<\/h6>\n<p>12%\u201312.5% (environ)<\/p>\n<h6>Maturit\u00e9<\/h6>\n<p>1 \u00e0 2 ans<\/p>\n<h6>Emballage<\/h6>\n<p><strong>IMPORTANT<\/strong>: Ce produit est vendu par carton de 6 bouteilles de 75 cl.<\/p>\n<\/details>\n<details>\n<summary>Prix et distinctions<\/summary>\n<h6>Commentaires<\/h6>\n<p><strong>Ticinovino 2008<\/strong>: Sarabanda 2007 &#8211; 88 Pt.<\/p>\n<\/details>\n<p><a href=\"https:\/\/tenutabally.ch\/fr\/boutique\/\" class=\"button\">POURSUIVRE VOS ACHATS<\/a><\/p>\n","protected":false},"excerpt":{"rendered":"<p>Floral, fruit\u00e9, d\u00e9licat<\/p>\n","protected":false},"featured_media":4726,"comment_status":"closed","ping_status":"closed","template":"","meta":[],"product_brand":[108],"product_cat":[153],"product_tag":[125],"class_list":{"0":"post-5075","1":"product","2":"type-product","3":"status-publish","4":"has-post-thumbnail","6":"product_brand-sarabanda","7":"product_cat-blanc","8":"product_tag-ticino-merlot-doc-fr","10":"first","11":"instock","12":"taxable","13":"shipping-taxable","14":"purchasable","15":"product-type-simple"},"_links":{"self":[{"href":"https:\/\/tenutabally.ch\/fr\/wp-json\/wp\/v2\/product\/5075","targetHints":{"allow":["GET"]}}],"collection":[{"href":"https:\/\/tenutabally.ch\/fr\/wp-json\/wp\/v2\/product"}],"about":[{"href":"https:\/\/tenutabally.ch\/fr\/wp-json\/wp\/v2\/types\/product"}],"replies":[{"embeddable":true,"href":"https:\/\/tenutabally.ch\/fr\/wp-json\/wp\/v2\/comments?post=5075"}],"wp:featuredmedia":[{"embeddable":true,"href":"https:\/\/tenutabally.ch\/fr\/wp-json\/wp\/v2\/media\/4726"}],"wp:attachment":[{"href":"https:\/\/tenutabally.ch\/fr\/wp-json\/wp\/v2\/media?parent=5075"}],"wp:term":[{"taxonomy":"product_brand","embeddable":true,"href":"https:\/\/tenutabally.ch\/fr\/wp-json\/wp\/v2\/product_brand?post=5075"},{"taxonomy":"product_cat","embeddable":true,"href":"https:\/\/tenutabally.ch\/fr\/wp-json\/wp\/v2\/product_cat?post=5075"},{"taxonomy":"product_tag","embeddable":true,"href":"https:\/\/tenutabally.ch\/fr\/wp-json\/wp\/v2\/product_tag?post=5075"}],"curies":[{"name":"wp","href":"https:\/\/api.w.org\/{rel}","templated":true}]}}