{"id":5074,"date":"2025-01-22T11:42:34","date_gmt":"2025-01-22T11:42:34","guid":{"rendered":"https:\/\/tenutabally.ch\/product\/2015-riserva-tre-api-caisse-6-x-75cl\/"},"modified":"2026-01-06T13:34:01","modified_gmt":"2026-01-06T12:34:01","slug":"2015-riserva-tre-api-caisse-6-x-75cl","status":"publish","type":"product","link":"https:\/\/tenutabally.ch\/fr\/product\/2015-riserva-tre-api-caisse-6-x-75cl\/","title":{"rendered":"2015 Riserva Tre Api (75cl)"},"content":{"rendered":"<details>\n<summary>Notes de d\u00e9gustation<\/summary>\n<h6>Ar\u00f4me<\/h6>\n<p>Bouquet \u00e9l\u00e9gant et raffin\u00e9 avec des ar\u00f4mes de m\u00fbres m\u00fbres, de cerises et de figues s\u00e8ches, compl\u00e9t\u00e9s par des notes d&rsquo;\u00e9pices, de cuir et une touche de vanille.<\/p>\n<h6>Le palais<\/h6>\n<p>Cors\u00e9 et dot\u00e9 de tanins soyeux, il offre des couches de fruits noirs, d&rsquo;\u00e9pices subtiles et d&rsquo;une d\u00e9licate note fum\u00e9e. La finale longue et persistante r\u00e9v\u00e8le la sophistication de ce Merlot Riserva.<\/p>\n<h6>Notes compl\u00e9mentaires<\/h6>\n<p>Complexe et fin, avec des notes de fruits rouges et de fleurs, compl\u00e9t\u00e9es par des notes d&rsquo;\u00e9pices douces et de vanille. En bouche, il est \u00e9l\u00e9gant, harmonieux et persistant, avec des saveurs de fruits rouges, une finale \u00e9pic\u00e9e et des tanins doux et d\u00e9licats.<\/p>\n<\/details>\n<details>\n<summary>Vinification<\/summary>\n<h6>Vinification<\/h6>\n<p>\u00c9labor\u00e9 exclusivement \u00e0 partir de raisins 100% Merlot provenant de vignes \u00e2g\u00e9es de plus de 70 ans dans la parcelle \u00ab\u00a0Piana Vecchia\u00a0\u00bb. Ces vieilles vignes ne produisent que quelques grammes par pied, ce qui leur conf\u00e8re une qualit\u00e9 extraordinaire. La vinification traditionnelle s&rsquo;effectue dans des cuves en acier ouvertes, avec une mac\u00e9ration d&rsquo;environ 30 jours et plusieurs pigeages.<\/p>\n<h6>Vieillissement<\/h6>\n<p>Vieilli dans des f\u00fbts de ch\u00eane fran\u00e7ais de 300 litres, avec un maximum de 25 % de bois de premier passage, pendant 18 \u00e0 24 mois. Ce processus est suivi d&rsquo;un vieillissement en bouteille afin d&rsquo;obtenir une complexit\u00e9 et une profondeur exceptionnelles.<\/p>\n<\/details>\n<details>\n<summary>Informations techniques<\/summary>\n<h6>Type de fermeture<\/h6>\n<p>Li\u00e8ge<\/p>\n<h6>Volume (ml)<\/h6>\n<p>750ml<\/p>\n<h6>Vari\u00e9t\u00e9<\/h6>\n<p>100% Merlot<\/p>\n<h6>R\u00e9gion<\/h6>\n<p>Tessin, Suisse<\/p>\n<h6>Alcool (% vol.)<\/h6>\n<p>13,5%\u201314% (environ)<\/p>\n<h6>Maturit\u00e9<\/h6>\n<p>3-6+ ans<\/p>\n<h6>Emballage<\/h6>\n<p><strong>IMPORTANT<\/strong>: Ce produit est vendu par carton de 6 bouteilles de 75 cl.<\/details>\n<details>\n<summary>Prix et critiques<\/summary>\n<h6>Prix<\/h6>\n<ul>\n<li><strong>AWC Vienne 2014 :<\/strong> M\u00e9daille d&rsquo;argent pour Tre Api 2010<\/li>\n<li><strong>Grand Prix du Vin Suisse 2014 :<\/strong> M\u00e9daille d&rsquo;argent pour Tre Api 2010, 85.4 points<\/li>\n<li><strong>Grand Prix du Vin Suisse 2013 :<\/strong> M\u00e9daille d&rsquo;argent pour Tre Api 2009, 87 points<\/li>\n<\/ul>\n<\/details>\n<p><a href=\"https:\/\/tenutabally.ch\/fr\/boutique\/\" class=\"button\">POURSUIVRE VOS ACHATS<\/a><\/p>\n","protected":false},"excerpt":{"rendered":"<p>Riche, structur\u00e9, velout\u00e9<\/p>\n","protected":false},"featured_media":3820,"comment_status":"closed","ping_status":"closed","template":"","meta":[],"product_brand":[106],"product_cat":[156],"product_tag":[158,125],"class_list":{"0":"post-5074","1":"product","2":"type-product","3":"status-publish","4":"has-post-thumbnail","6":"product_brand-tre-api","7":"product_cat-rouge","8":"product_tag-riserva-fr","9":"product_tag-ticino-merlot-doc-fr","10":"product_shipping_class-case-6","12":"first","13":"outofstock","14":"taxable","15":"shipping-taxable","16":"purchasable","17":"product-type-simple"},"_links":{"self":[{"href":"https:\/\/tenutabally.ch\/fr\/wp-json\/wp\/v2\/product\/5074","targetHints":{"allow":["GET"]}}],"collection":[{"href":"https:\/\/tenutabally.ch\/fr\/wp-json\/wp\/v2\/product"}],"about":[{"href":"https:\/\/tenutabally.ch\/fr\/wp-json\/wp\/v2\/types\/product"}],"replies":[{"embeddable":true,"href":"https:\/\/tenutabally.ch\/fr\/wp-json\/wp\/v2\/comments?post=5074"}],"wp:featuredmedia":[{"embeddable":true,"href":"https:\/\/tenutabally.ch\/fr\/wp-json\/wp\/v2\/media\/3820"}],"wp:attachment":[{"href":"https:\/\/tenutabally.ch\/fr\/wp-json\/wp\/v2\/media?parent=5074"}],"wp:term":[{"taxonomy":"product_brand","embeddable":true,"href":"https:\/\/tenutabally.ch\/fr\/wp-json\/wp\/v2\/product_brand?post=5074"},{"taxonomy":"product_cat","embeddable":true,"href":"https:\/\/tenutabally.ch\/fr\/wp-json\/wp\/v2\/product_cat?post=5074"},{"taxonomy":"product_tag","embeddable":true,"href":"https:\/\/tenutabally.ch\/fr\/wp-json\/wp\/v2\/product_tag?post=5074"}],"curies":[{"name":"wp","href":"https:\/\/api.w.org\/{rel}","templated":true}]}}