{"id":5066,"date":"2025-01-22T11:50:02","date_gmt":"2025-01-22T11:50:02","guid":{"rendered":"https:\/\/tenutabally.ch\/product\/2019-topazio-caisse-6-x-75cl\/"},"modified":"2026-01-06T13:34:01","modified_gmt":"2026-01-06T12:34:01","slug":"2019-topazio-75cl","status":"publish","type":"product","link":"https:\/\/tenutabally.ch\/fr\/product\/2019-topazio-75cl\/","title":{"rendered":"2019 Topazio (75cl)"},"content":{"rendered":"<details>\n<summary>Notes de d\u00e9gustation<\/summary>\n<h6>Ar\u00f4me<\/h6>\n<p>Complexe et intense, avec des ar\u00f4mes de fruits rouges m\u00fbrs tels que le cassis et la cerise, compl\u00e9t\u00e9s par des notes d&rsquo;\u00e9pices douces, de tabac \u00e0 cigare, de c\u00e8dre et une touche de graphite.<\/p>\n<h6>Le palais<\/h6>\n<p>Puissant et riche, avec une structure cors\u00e9e et des tanins fins. Des ar\u00f4mes de fruits noirs, d&rsquo;\u00e9pices et de terre dominent le palais, suivis d&rsquo;une longue et persistante finale \u00e9pic\u00e9e avec une subtile touche de ch\u00eane grill\u00e9. Id\u00e9al pour un vieillissement \u00e0 long terme.<\/p>\n<\/details>\n<details>\n<summary>Vinification<\/summary>\n<h6>Vinification<\/h6>\n<p>\u00c9labor\u00e9 \u00e0 partir d&rsquo;un assemblage de 75 % de cabernet sauvignon, 20 % de merlot et 5 % de cabernet franc, provenant de nos vignobles \u00ab\u00a0Ronco\u00a0\u00bb et \u00ab\u00a0Piana\u00a0\u00bb, o\u00f9 les vignes ont plus de 35 ans. Le sol est un m\u00e9lange d&rsquo;argile et de calcaire avec une pierrosit\u00e9 mod\u00e9r\u00e9e. La vinification traditionnelle a lieu dans des cuves en acier ouvertes, avec une mac\u00e9ration d&rsquo;environ 30 jours et plusieurs pigeages pendant la fermentation.<\/p>\n<h6>Vieillissement<\/h6>\n<p>Vieilli dans des f\u00fbts de ch\u00eane fran\u00e7ais de 300 litres, avec un maximum de 25 % de bois de premier passage, pendant pr\u00e8s de 24 mois. Ce processus est suivi d&rsquo;un vieillissement prolong\u00e9 en bouteille afin d&rsquo;affiner sa profondeur et sa complexit\u00e9 exceptionnelles.<\/p>\n<\/details>\n<details>\n<summary>Informations techniques<\/summary>\n<h6>Type de fermeture<\/h6>\n<p>Li\u00e8ge<\/p>\n<h6>Volume (ml)<\/h6>\n<p>750ml<\/p>\n<h6>Vari\u00e9t\u00e9<\/h6>\n<p>75% Cabernet Sauvignon, 20% Merlot, 5% Cabernet Franc<\/p>\n<h6>R\u00e9gion<\/h6>\n<p>Tessin, Suisse<\/p>\n<h6>Vintage<\/h6>\n<p>2019<\/p>\n<h6>Alcool (% vol.)<\/h6>\n<p>13,5%\u201314% (environ)<\/p>\n<h6>Maturit\u00e9<\/h6>\n<p>4-10+ ans<\/p>\n<h6>Emballage<\/h6>\n<p><strong>IMPORTANT<\/strong>: Ce produit est vendu par carton de 6 bouteilles de 75 cl.<br \/>\n<\/details>\n<details>\n<summary>Prix et critiques<\/summary>\n<h6>Prix<\/h6>\n<ul>\n<li><strong>Best of Swiss Wine 2015 :<\/strong> Reconnu pour Topazio 2011<\/li>\n<li><strong>AWC Vienne 2014 :<\/strong> M\u00e9daille d&rsquo;argent pour Topazio 2010<\/li>\n<\/ul>\n<\/details>\n<p><a href=\"https:\/\/tenutabally.ch\/fr\/boutique\/\" class=\"button\">POURSUIVRE VOS ACHATS<\/a><\/p>\n","protected":false},"excerpt":{"rendered":"<p>Complexe, puissant, \u00e9l\u00e9gant<\/p>\n","protected":false},"featured_media":4734,"comment_status":"closed","ping_status":"closed","template":"","meta":[],"product_brand":[107],"product_cat":[156],"product_tag":[157,139,158,125],"class_list":{"0":"post-5066","1":"product","2":"type-product","3":"status-publish","4":"has-post-thumbnail","6":"product_brand-topazio","7":"product_cat-rouge","8":"product_tag-cabernet-franc-fr","9":"product_tag-cabernet-sauvignon-fr","10":"product_tag-riserva-fr","11":"product_tag-ticino-merlot-doc-fr","13":"first","14":"instock","15":"taxable","16":"shipping-taxable","17":"purchasable","18":"product-type-simple"},"_links":{"self":[{"href":"https:\/\/tenutabally.ch\/fr\/wp-json\/wp\/v2\/product\/5066","targetHints":{"allow":["GET"]}}],"collection":[{"href":"https:\/\/tenutabally.ch\/fr\/wp-json\/wp\/v2\/product"}],"about":[{"href":"https:\/\/tenutabally.ch\/fr\/wp-json\/wp\/v2\/types\/product"}],"replies":[{"embeddable":true,"href":"https:\/\/tenutabally.ch\/fr\/wp-json\/wp\/v2\/comments?post=5066"}],"wp:featuredmedia":[{"embeddable":true,"href":"https:\/\/tenutabally.ch\/fr\/wp-json\/wp\/v2\/media\/4734"}],"wp:attachment":[{"href":"https:\/\/tenutabally.ch\/fr\/wp-json\/wp\/v2\/media?parent=5066"}],"wp:term":[{"taxonomy":"product_brand","embeddable":true,"href":"https:\/\/tenutabally.ch\/fr\/wp-json\/wp\/v2\/product_brand?post=5066"},{"taxonomy":"product_cat","embeddable":true,"href":"https:\/\/tenutabally.ch\/fr\/wp-json\/wp\/v2\/product_cat?post=5066"},{"taxonomy":"product_tag","embeddable":true,"href":"https:\/\/tenutabally.ch\/fr\/wp-json\/wp\/v2\/product_tag?post=5066"}],"curies":[{"name":"wp","href":"https:\/\/api.w.org\/{rel}","templated":true}]}}