{"id":5063,"date":"2025-01-22T23:42:49","date_gmt":"2025-01-22T23:42:49","guid":{"rendered":"https:\/\/tenutabally.ch\/product\/2023-la-piana-caisse-6-x-75cl\/"},"modified":"2026-01-06T13:34:00","modified_gmt":"2026-01-06T12:34:00","slug":"2023-la-piana-75cl","status":"publish","type":"product","link":"https:\/\/tenutabally.ch\/fr\/product\/2023-la-piana-75cl\/","title":{"rendered":"2023 La Piana (75cl)"},"content":{"rendered":"<details>\n<summary>Notes de d\u00e9gustation<\/summary>\n<h6>Ar\u00f4me<\/h6>\n<p>Frais et aromatique, avec des notes de fruits tropicaux, de pamplemousse et de citron vert, compl\u00e9t\u00e9es par des notes subtiles d&rsquo;herbe fra\u00eechement coup\u00e9e et d&rsquo;herbes.<\/p>\n<h6>Le palais<\/h6>\n<p>Croustillant, vibrant et min\u00e9ral, il pr\u00e9sente des saveurs d&rsquo;agrumes, de fruits exotiques et une touche de pomme verte. La finale est persistante, \u00e9quilibr\u00e9e et rehauss\u00e9e d&rsquo;une agr\u00e9able salinit\u00e9.<\/p>\n<\/details>\n<details>\n<summary>Vinification<\/summary>\n<h6>Vinification<\/h6>\n<p>Ce vin est \u00e9labor\u00e9 exclusivement \u00e0 partir de raisins de sauvignon blanc provenant du c\u00e9l\u00e8bre vignoble \u00ab\u00a0La Piana\u00a0\u00bb. Il est vinifi\u00e9 en blanc apr\u00e8s un pressurage doux afin de pr\u00e9server son profil aromatique.<\/p>\n<h6>Vieillissement<\/h6>\n<p>Vieilli dans des cuves en acier inoxydable et en bouteille pendant environ 6 mois pour conserver sa fra\u00eecheur et sa min\u00e9ralit\u00e9 caract\u00e9ristique.<\/p>\n<\/details>\n<details>\n<summary>Informations techniques<\/summary>\n<h6>Type de fermeture<\/h6>\n<p>Li\u00e8ge<\/p>\n<h6>Volume (ml)<\/h6>\n<p>750ml<\/p>\n<h6>Vari\u00e9t\u00e9<\/h6>\n<p>100% Sauvignon Blanc<\/p>\n<h6>R\u00e9gion<\/h6>\n<p>Tessin, Suisse<\/p>\n<h6>Vintage<\/h6>\n<p>2023<\/p>\n<h6>Alcool (% vol.)<\/h6>\n<p>12%\u201312.5% (environ)<\/p>\n<h6>Maturit\u00e9<\/h6>\n<p>1-3 ans<\/p>\n<h6>Emballage<\/h6>\n<p><strong>IMPORTANT<\/strong>: Ce produit est vendu par carton de 6 bouteilles de 75 cl.<\/p>\n<\/details>\n<p><a href=\"https:\/\/tenutabally.ch\/fr\/boutique\/\" class=\"button\">POURSUIVRE VOS ACHATS<\/a><\/p>\n","protected":false},"excerpt":{"rendered":"<p>Frais, min\u00e9ral, \u00e9quilibr\u00e9<\/p>\n","protected":false},"featured_media":4742,"comment_status":"closed","ping_status":"closed","template":"","meta":[],"product_brand":[109],"product_cat":[153],"product_tag":[],"class_list":{"0":"post-5063","1":"product","2":"type-product","3":"status-publish","4":"has-post-thumbnail","6":"product_brand-la-piana","7":"product_cat-blanc","9":"first","10":"instock","11":"taxable","12":"shipping-taxable","13":"purchasable","14":"product-type-simple"},"_links":{"self":[{"href":"https:\/\/tenutabally.ch\/fr\/wp-json\/wp\/v2\/product\/5063","targetHints":{"allow":["GET"]}}],"collection":[{"href":"https:\/\/tenutabally.ch\/fr\/wp-json\/wp\/v2\/product"}],"about":[{"href":"https:\/\/tenutabally.ch\/fr\/wp-json\/wp\/v2\/types\/product"}],"replies":[{"embeddable":true,"href":"https:\/\/tenutabally.ch\/fr\/wp-json\/wp\/v2\/comments?post=5063"}],"wp:featuredmedia":[{"embeddable":true,"href":"https:\/\/tenutabally.ch\/fr\/wp-json\/wp\/v2\/media\/4742"}],"wp:attachment":[{"href":"https:\/\/tenutabally.ch\/fr\/wp-json\/wp\/v2\/media?parent=5063"}],"wp:term":[{"taxonomy":"product_brand","embeddable":true,"href":"https:\/\/tenutabally.ch\/fr\/wp-json\/wp\/v2\/product_brand?post=5063"},{"taxonomy":"product_cat","embeddable":true,"href":"https:\/\/tenutabally.ch\/fr\/wp-json\/wp\/v2\/product_cat?post=5063"},{"taxonomy":"product_tag","embeddable":true,"href":"https:\/\/tenutabally.ch\/fr\/wp-json\/wp\/v2\/product_tag?post=5063"}],"curies":[{"name":"wp","href":"https:\/\/api.w.org\/{rel}","templated":true}]}}