{"id":5037,"date":"2025-05-02T14:04:49","date_gmt":"2025-05-02T14:04:49","guid":{"rendered":"https:\/\/tenutabally.ch\/product\/2020-quarzo-caisse-3-x-150cl\/"},"modified":"2026-01-06T13:33:58","modified_gmt":"2026-01-06T12:33:58","slug":"2020-quarzo-150cl","status":"publish","type":"product","link":"https:\/\/tenutabally.ch\/fr\/product\/2020-quarzo-150cl\/","title":{"rendered":"2020 Quarzo (150cl)"},"content":{"rendered":"<details>\n<summary>Notes de d\u00e9gustation<\/summary>\n<h6>Ar\u00f4me<\/h6>\n<p>Le nez est fruit\u00e9, avec des notes de fraises des bois et de fruits \u00e0 chair blanche, compl\u00e9t\u00e9es par des notes florales et de fleur de sureau.<\/p>\n<h6>Le palais<\/h6>\n<p>Agr\u00e9ablement p\u00e9tillant, avec des bulles fines et persistantes. La bouche est s\u00e8che, rafra\u00eechissante et \u00e9quilibr\u00e9e, ce qui en fait un excellent vin mousseux pour accompagner un repas.<\/p>\n<\/details>\n<details>\n<summary>Vinification<\/summary>\n<p>Produit \u00e0 partir de 100% de raisins Merlot cultiv\u00e9s dans le vignoble \u00ab\u00a0Collina\u00a0\u00bb, o\u00f9 la pr\u00e9sence de quartz est tr\u00e8s importante. Le vin est vinifi\u00e9 selon la m\u00e9thode blanche traditionnelle, avec un pressurage doux suivi d&rsquo;une fermentation secondaire en bouteille, conform\u00e9ment \u00e0 la m\u00e9thode classique.<\/p>\n<\/details>\n<details>\n<summary>Informations techniques<\/summary>\n<h6>Vieillissement<\/h6>\n<p>Minimum de 12 mois sur les lies. Dosage brut.<\/p>\n<h6>Type de fermeture<\/h6>\n<p>Li\u00e8ge<\/p>\n<h6>Volume (ml)<\/h6>\n<p>750ml<\/p>\n<h6>Vari\u00e9t\u00e9<\/h6>\n<p>Spumante di Merlot<\/p>\n<h6>R\u00e9gion<\/h6>\n<p>Tessin, Suisse<\/p>\n<h6>Vintage<\/h6>\n<p>2013<\/p>\n<h6>Alcool (% vol.)<\/h6>\n<p>12%\u201312.5% (environ)<\/p>\n<h6>Maturit\u00e9<\/h6>\n<p>Pr\u00eat \u00e0 boire, \u00e0 consommer dans les 2 ans.<\/p>\n<h6>Emballage<\/h6>\n<p><strong>IMPORTANT<\/strong>: Ce produit est vendu par carton de 6 bouteilles de 75 cl.<\/details>\n<details>\n<summary>Reconnaissance et prix<\/summary>\n<h6>AWC Vienne 2015<\/h6>\n<p>M\u00e9daille d&rsquo;argent &#8211; Quarzo 2013<\/p>\n<h6>Peter Keller, NZZ (avril 2015)<\/h6>\n<p>Vin de la semaine &#8211; Quarzo 2013<\/p>\n<\/details>\n<p><a href=\"https:\/\/tenutabally.ch\/fr\/boutique\/\" class=\"button\">POURSUIVRE VOS ACHATS<\/a><\/p>\n","protected":false},"excerpt":{"rendered":"<p>Brillant, \u00e9l\u00e9gant, \u00e9quilibr\u00e9<\/p>\n","protected":false},"featured_media":4771,"comment_status":"closed","ping_status":"closed","template":"","meta":[],"product_brand":[120],"product_cat":[124],"product_tag":[127,125],"class_list":{"0":"post-5037","1":"product","2":"type-product","3":"status-publish","4":"has-post-thumbnail","6":"product_brand-quarzo","7":"product_cat-petillant","8":"product_tag-magnum-fr","9":"product_tag-ticino-merlot-doc-fr","11":"first","12":"instock","13":"taxable","14":"shipping-taxable","15":"purchasable","16":"product-type-simple"},"_links":{"self":[{"href":"https:\/\/tenutabally.ch\/fr\/wp-json\/wp\/v2\/product\/5037","targetHints":{"allow":["GET"]}}],"collection":[{"href":"https:\/\/tenutabally.ch\/fr\/wp-json\/wp\/v2\/product"}],"about":[{"href":"https:\/\/tenutabally.ch\/fr\/wp-json\/wp\/v2\/types\/product"}],"replies":[{"embeddable":true,"href":"https:\/\/tenutabally.ch\/fr\/wp-json\/wp\/v2\/comments?post=5037"}],"wp:featuredmedia":[{"embeddable":true,"href":"https:\/\/tenutabally.ch\/fr\/wp-json\/wp\/v2\/media\/4771"}],"wp:attachment":[{"href":"https:\/\/tenutabally.ch\/fr\/wp-json\/wp\/v2\/media?parent=5037"}],"wp:term":[{"taxonomy":"product_brand","embeddable":true,"href":"https:\/\/tenutabally.ch\/fr\/wp-json\/wp\/v2\/product_brand?post=5037"},{"taxonomy":"product_cat","embeddable":true,"href":"https:\/\/tenutabally.ch\/fr\/wp-json\/wp\/v2\/product_cat?post=5037"},{"taxonomy":"product_tag","embeddable":true,"href":"https:\/\/tenutabally.ch\/fr\/wp-json\/wp\/v2\/product_tag?post=5037"}],"curies":[{"name":"wp","href":"https:\/\/api.w.org\/{rel}","templated":true}]}}