{"id":5394,"date":"2025-05-05T11:53:09","date_gmt":"2025-05-05T11:53:09","guid":{"rendered":"https:\/\/tenutabally.ch\/?post_type=product&#038;p=5394"},"modified":"2026-01-06T13:33:58","modified_gmt":"2026-01-06T12:33:58","slug":"2017-oport-uno","status":"publish","type":"product","link":"https:\/\/tenutabally.ch\/de\/product\/2017-oport-uno\/","title":{"rendered":"2017 O&#8217;Port Uno"},"content":{"rendered":"<h2>Dessertwein im Portwein-Stil<\/h2>\n<p>Hergestellt aus 100% Merlot-Trauben, bietet dieser Dessertwein im Portwein-Stil ein reichhaltiges und s\u00fc\u00dfes Erlebnis mit 18% Alkohol pro Volumen.<\/p>\n<details>\n<summary>Produktionsprozess<\/summary>\n<p>O&#8217;Port Uno wird aus sorgf\u00e4ltig ausgew\u00e4hlten Merlot-Trauben hergestellt, die in unseren Tessiner Weinbergen wachsen. Die Trauben werden zum optimalen Reifezeitpunkt geerntet, um einen hohen Zuckergehalt zu gew\u00e4hrleisten. W\u00e4hrend der G\u00e4rung wird ein neutraler Alkohol hinzugef\u00fcgt, um den Wein zu st\u00e4rken, den G\u00e4rungsprozess zu stoppen und die nat\u00fcrliche S\u00fc\u00dfe der Trauben zu bewahren. Diese Methode, die von der traditionellen Portweinherstellung inspiriert ist, ergibt einen reichhaltigen und geschmackvollen Dessertwein.<\/p>\n<\/details>\n<details>\n<summary>Technische Informationen<\/summary>\n<h6>Rebsorten<\/h6>\n<p>100% Merlot<\/p>\n<h6>Alkoholgehalt<\/h6>\n<p>18% vol<\/p>\n<h6>Typ<\/h6>\n<p>Dessertwein im Portwein-Stil<\/p>\n<\/details>\n<p><a href=\"https:\/\/tenutabally.ch\/de\/shop\/\" class=\"button\">WEITER EINKAUFEN<\/a><\/p>\n","protected":false},"excerpt":{"rendered":"<p>Hell, Elegant, Ausgewogen<\/p>\n","protected":false},"featured_media":5399,"comment_status":"closed","ping_status":"closed","template":"","meta":[],"product_brand":[],"product_cat":[],"product_tag":[146],"class_list":{"0":"post-5394","1":"product","2":"type-product","3":"status-publish","4":"has-post-thumbnail","6":"product_tag-merlot-de","8":"first","9":"instock","10":"taxable","11":"shipping-taxable","12":"purchasable","13":"product-type-simple"},"_links":{"self":[{"href":"https:\/\/tenutabally.ch\/de\/wp-json\/wp\/v2\/product\/5394","targetHints":{"allow":["GET"]}}],"collection":[{"href":"https:\/\/tenutabally.ch\/de\/wp-json\/wp\/v2\/product"}],"about":[{"href":"https:\/\/tenutabally.ch\/de\/wp-json\/wp\/v2\/types\/product"}],"replies":[{"embeddable":true,"href":"https:\/\/tenutabally.ch\/de\/wp-json\/wp\/v2\/comments?post=5394"}],"wp:featuredmedia":[{"embeddable":true,"href":"https:\/\/tenutabally.ch\/de\/wp-json\/wp\/v2\/media\/5399"}],"wp:attachment":[{"href":"https:\/\/tenutabally.ch\/de\/wp-json\/wp\/v2\/media?parent=5394"}],"wp:term":[{"taxonomy":"product_brand","embeddable":true,"href":"https:\/\/tenutabally.ch\/de\/wp-json\/wp\/v2\/product_brand?post=5394"},{"taxonomy":"product_cat","embeddable":true,"href":"https:\/\/tenutabally.ch\/de\/wp-json\/wp\/v2\/product_cat?post=5394"},{"taxonomy":"product_tag","embeddable":true,"href":"https:\/\/tenutabally.ch\/de\/wp-json\/wp\/v2\/product_tag?post=5394"}],"curies":[{"name":"wp","href":"https:\/\/api.w.org\/{rel}","templated":true}]}}