{"id":5083,"date":"2025-01-22T10:30:07","date_gmt":"2025-01-22T09:30:07","guid":{"rendered":"https:\/\/tenutabally.ch\/product\/2016-riserva-ernesto-kiste-12-x-375cl\/"},"modified":"2026-01-06T13:36:23","modified_gmt":"2026-01-06T12:36:23","slug":"2016-riserva-ernesto-375cl","status":"publish","type":"product","link":"https:\/\/tenutabally.ch\/de\/product\/2016-riserva-ernesto-375cl\/","title":{"rendered":"2016 Riserva Ernesto (37,5cl)"},"content":{"rendered":"<details>\n<summary>Verkostungsnotizen<\/summary>\n<h6>Aroma<\/h6>\n<p>Komplexes und kr\u00e4ftiges Bouquet mit Noten von reifen Brombeeren, Pflaumen und schwarzen Johannisbeeren, die mit s\u00fc\u00dfen Gew\u00fcrzen, Vanille und einem Hauch von Tabak harmonieren.<\/p>\n<h6>Gaumen<\/h6>\n<p>Reichhaltig und vollmundig, mit einem runden und eleganten Auftakt. Aromen von roten Fr\u00fcchten werden durch einen Hauch von dunkler Schokolade, Zedernholz und s\u00fc\u00dfen Gew\u00fcrzen erg\u00e4nzt. Der Wein bietet eine hervorragende Persistenz und endet mit einer ausgewogenen W\u00fcrze und samtigen Tanninen.<\/p>\n<\/details>\n<details>\n<summary>Weinherstellung<\/summary>\n<h6>Weinbereitung<\/h6>\n<p>Traditionelle Weinbereitung mit Mazeration f\u00fcr 25-30 Tage in Betonf\u00e4ssern. Dieser sorgf\u00e4ltige Prozess garantiert den vollen Ausdruck der Rebsorten.<\/p>\n<h6>Altern<\/h6>\n<p>Gereift in 300-Liter-F\u00e4ssern aus franz\u00f6sischer Eiche, mit maximal 25% First-Pass-Holz. Dieser Prozess verbessert die Komplexit\u00e4t und Ausgewogenheit des Weins.<\/p>\n<\/details>\n<details>\n<summary>Technische Informationen<\/summary>\n<h6>Verschluss Typ<\/h6>\n<p>Kork<\/p>\n<h6>Volumen (ml)<\/h6>\n<p>750ml<\/p>\n<h6>Rebsorte<\/h6>\n<p>75% Merlot, 20% Cabernet Sauvignon, 5% Cabernet Franc<\/p>\n<h6>Region<\/h6>\n<p>Tessin, Schweiz<\/p>\n<h6>Bodenart<\/h6>\n<p>Lehm-Kalk-Boden mit geringem Skelettkornanteil<\/p>\n<h6>Alkohol (% vol.)<\/h6>\n<p>13%\u201314% (ca.)<\/p>\n<h6>Reifegrad<\/h6>\n<p>4-8+ Jahre<\/p>\n<\/details>\n<details>\n<summary>Auszeichnungen und Ehrungen<\/summary>\n<h6>Auszeichnungen<\/h6>\n<ul>\n<li><strong>Grand Prix Expovina 2014:<\/strong> Goldmedaille f\u00fcr Ernesto 2010, 89,2 Punkte<\/li>\n<li><strong>Grand Prix du Vin Suisse 2013:<\/strong> Silbermedaille f\u00fcr Ernesto 2009, 87.2 Punkte<\/li>\n<li><strong>AWC Wien 2013:<\/strong> Silbermedaille f\u00fcr Ernesto 2010<\/li>\n<li><strong>Grand Prix Expovina 2013:<\/strong> Ernesto 2010, 86.4 Punkte<\/li>\n<li><strong>Veronelli 2012:<\/strong> Ernesto 2009, Il Sole, 94 Punkte<\/li>\n<li><strong>Veronelli 2011:<\/strong> Ernesto 2008, 3 Sterne, 93 Punkte<\/li>\n<\/ul>\n<\/details>\n<details>\n<summary>Abschnitt<\/summary>\n<p><strong>WICHTIG<\/strong>: Dieses Produkt wird in einer Kiste mit 12 Flaschen \u00e0 37,5 cl verkauft.<\/p>\n<\/details>\n<p><a href=\"https:\/\/tenutabally.ch\/de\/shop\/\" class=\"button\">WEITER EINKAUFEN<\/a><\/p>\n","protected":false},"excerpt":{"rendered":"<p>Knackig, s\u00fc\u00df, frisch<\/p>\n","protected":false},"featured_media":3892,"comment_status":"closed","ping_status":"closed","template":"","meta":[],"product_brand":[104],"product_cat":[159],"product_tag":[160,145,161,142],"class_list":{"0":"post-5083","1":"product","2":"type-product","3":"status-publish","4":"has-post-thumbnail","6":"product_brand-riserva-ernesto","7":"product_cat-rot","8":"product_tag-cabernet-franc-de","9":"product_tag-cabernet-sauvignon-de","10":"product_tag-riserva-de","11":"product_tag-tessin-merlot-doc","12":"product_shipping_class-case-12","14":"first","15":"instock","16":"taxable","17":"shipping-taxable","18":"purchasable","19":"product-type-simple"},"_links":{"self":[{"href":"https:\/\/tenutabally.ch\/de\/wp-json\/wp\/v2\/product\/5083","targetHints":{"allow":["GET"]}}],"collection":[{"href":"https:\/\/tenutabally.ch\/de\/wp-json\/wp\/v2\/product"}],"about":[{"href":"https:\/\/tenutabally.ch\/de\/wp-json\/wp\/v2\/types\/product"}],"replies":[{"embeddable":true,"href":"https:\/\/tenutabally.ch\/de\/wp-json\/wp\/v2\/comments?post=5083"}],"wp:featuredmedia":[{"embeddable":true,"href":"https:\/\/tenutabally.ch\/de\/wp-json\/wp\/v2\/media\/3892"}],"wp:attachment":[{"href":"https:\/\/tenutabally.ch\/de\/wp-json\/wp\/v2\/media?parent=5083"}],"wp:term":[{"taxonomy":"product_brand","embeddable":true,"href":"https:\/\/tenutabally.ch\/de\/wp-json\/wp\/v2\/product_brand?post=5083"},{"taxonomy":"product_cat","embeddable":true,"href":"https:\/\/tenutabally.ch\/de\/wp-json\/wp\/v2\/product_cat?post=5083"},{"taxonomy":"product_tag","embeddable":true,"href":"https:\/\/tenutabally.ch\/de\/wp-json\/wp\/v2\/product_tag?post=5083"}],"curies":[{"name":"wp","href":"https:\/\/api.w.org\/{rel}","templated":true}]}}