{"id":5082,"date":"2025-01-22T10:37:50","date_gmt":"2025-01-22T10:37:50","guid":{"rendered":"https:\/\/tenutabally.ch\/product\/2016-riserva-ernesto-kiste-3-x-150cl\/"},"modified":"2026-01-06T13:36:23","modified_gmt":"2026-01-06T12:36:23","slug":"2016-riserva-ernesto-150cl","status":"publish","type":"product","link":"https:\/\/tenutabally.ch\/de\/product\/2016-riserva-ernesto-150cl\/","title":{"rendered":"2016 Riserva Ernesto (150cl)"},"content":{"rendered":"<details>\n<summary>Verkostungsnotizen<\/summary>\n<h6>Aroma<\/h6>\n<p>Komplexes Bouquet mit Noten von Brombeeren, Pflaumen und schwarzen Johannisbeeren, erg\u00e4nzt durch Ankl\u00e4nge von Tabak, Vanille und Gew\u00fcrzen.<\/p>\n<h6>Gaumen<\/h6>\n<p>Vollmundig und reichhaltig, mit samtigen Tanninen und Aromen von reifen schwarzen Fr\u00fcchten, Zedernholz und einem Hauch von dunkler Schokolade. Die gut eingebundene Eiche sorgt f\u00fcr einen lang anhaltenden, eleganten Abgang.<\/p>\n<\/details>\n<details>\n<summary>Weinherstellung<\/summary>\n<p>Eine Mischung aus Merlot, Cabernet Sauvignon und Cabernet Franc. Der Wein wird f\u00fcr 12-18 Monate in Barriques ausgebaut, gefolgt von einer Flaschenreifung, um ein raffiniertes und ausgewogenes Profil zu erhalten.<\/p>\n<\/details>\n<details>\n<summary>Technische Informationen<\/summary>\n<h6>Verschluss Typ<\/h6>\n<p>Kork<\/p>\n<h6>Volumen (ml)<\/h6>\n<p>1500ml<\/p>\n<h6>Rebsorte<\/h6>\n<p>Merlot, Cabernet Sauvignon, Cabernet Franc<\/p>\n<h6>Region<\/h6>\n<p>Tessin, Schweiz<\/p>\n<h6>Alkohol (% vol.)<\/h6>\n<p>13%\u201314% (ca.)<\/p>\n<\/details>\n<details>\n<summary>Preise &amp; Auszeichnungen<\/summary>\n<h6>Auszeichnungen<\/h6>\n<ul>\n<li><strong>AWC Wien 2013:<\/strong> Silbermedaille f\u00fcr Cresperino 2011<\/li>\n<li><strong>Expovina 2013:<\/strong> 85.6 Punkte f\u00fcr Cresperino 2011<\/li>\n<li><strong>Veronelli 2010:<\/strong> 2 Sterne, 89 Punkte f\u00fcr Cresperino 2007<\/li>\n<li><strong>Expovina 2007:<\/strong> Goldmedaille f\u00fcr Cresperino 2005<\/li>\n<li><strong>Expovina 2005:<\/strong> Silbermedaille f\u00fcr Cresperino 2002<\/li>\n<\/ul>\n<\/details>\n<details>\n<summary>Verpackung<\/summary>\n<p><strong>WICHTIG<\/strong>: Dieses Produkt wird in einer Kiste mit 3 x 150cl Flaschen verkauft.<\/p>\n<\/details>\n<p><a href=\"https:\/\/tenutabally.ch\/de\/shop\/\" class=\"button\">WEITER EINKAUFEN<\/a><\/p>\n","protected":false},"excerpt":{"rendered":"<p>Knackig, s\u00fc\u00df, frisch<\/p>\n","protected":false},"featured_media":4755,"comment_status":"closed","ping_status":"closed","template":"","meta":[],"product_brand":[104],"product_cat":[159],"product_tag":[160,145,144,161,142],"class_list":{"0":"post-5082","1":"product","2":"type-product","3":"status-publish","4":"has-post-thumbnail","6":"product_brand-riserva-ernesto","7":"product_cat-rot","8":"product_tag-cabernet-franc-de","9":"product_tag-cabernet-sauvignon-de","10":"product_tag-magnum-de","11":"product_tag-riserva-de","12":"product_tag-tessin-merlot-doc","14":"first","15":"instock","16":"taxable","17":"shipping-taxable","18":"purchasable","19":"product-type-simple"},"_links":{"self":[{"href":"https:\/\/tenutabally.ch\/de\/wp-json\/wp\/v2\/product\/5082","targetHints":{"allow":["GET"]}}],"collection":[{"href":"https:\/\/tenutabally.ch\/de\/wp-json\/wp\/v2\/product"}],"about":[{"href":"https:\/\/tenutabally.ch\/de\/wp-json\/wp\/v2\/types\/product"}],"replies":[{"embeddable":true,"href":"https:\/\/tenutabally.ch\/de\/wp-json\/wp\/v2\/comments?post=5082"}],"wp:featuredmedia":[{"embeddable":true,"href":"https:\/\/tenutabally.ch\/de\/wp-json\/wp\/v2\/media\/4755"}],"wp:attachment":[{"href":"https:\/\/tenutabally.ch\/de\/wp-json\/wp\/v2\/media?parent=5082"}],"wp:term":[{"taxonomy":"product_brand","embeddable":true,"href":"https:\/\/tenutabally.ch\/de\/wp-json\/wp\/v2\/product_brand?post=5082"},{"taxonomy":"product_cat","embeddable":true,"href":"https:\/\/tenutabally.ch\/de\/wp-json\/wp\/v2\/product_cat?post=5082"},{"taxonomy":"product_tag","embeddable":true,"href":"https:\/\/tenutabally.ch\/de\/wp-json\/wp\/v2\/product_tag?post=5082"}],"curies":[{"name":"wp","href":"https:\/\/api.w.org\/{rel}","templated":true}]}}