{"id":5077,"date":"2025-01-22T11:42:34","date_gmt":"2025-01-22T11:42:34","guid":{"rendered":"https:\/\/tenutabally.ch\/product\/2015-riserva-tre-api-kiste-6-x-75cl\/"},"modified":"2026-01-06T13:34:01","modified_gmt":"2026-01-06T12:34:01","slug":"2015-riserva-tre-api-kiste-6-x-75cl","status":"publish","type":"product","link":"https:\/\/tenutabally.ch\/de\/product\/2015-riserva-tre-api-kiste-6-x-75cl\/","title":{"rendered":"2015 Riserva Tre Api (75cl)"},"content":{"rendered":"<details>\n<summary>Verkostungsnotizen<\/summary>\n<h6>Aroma<\/h6>\n<p>Elegantes und raffiniertes Bouquet mit Aromen von reifen Brombeeren, Kirschen und getrockneten Feigen, erg\u00e4nzt durch Noten von Gew\u00fcrzen, Leder und einem Hauch von Vanille.<\/p>\n<h6>Gaumen<\/h6>\n<p>Vollmundig mit seidigen Tanninen, die Schichten von dunklen Fr\u00fcchten, subtilen Gew\u00fcrzen und einer zarten Rauchnote liefern. Der lange und anhaltende Abgang offenbart die Raffinesse dieses Merlot Riserva.<\/p>\n<h6>Zus\u00e4tzliche Anmerkungen<\/h6>\n<p>Komplex und fein, mit Noten von roten Fr\u00fcchten und Blumen, erg\u00e4nzt durch Ankl\u00e4nge von s\u00fc\u00dfen Gew\u00fcrzen und Vanille. Am Gaumen ist er elegant, harmonisch und anhaltend, mit Aromen von roten Fr\u00fcchten, einem w\u00fcrzigen Abgang und weichen, delikaten Tanninen.<\/p>\n<\/details>\n<details>\n<summary>Weinherstellung<\/summary>\n<h6>Weinbereitung<\/h6>\n<p>Er wird ausschlie\u00dflich aus 100% Merlot-Trauben von \u00fcber 70 Jahre alten Rebst\u00f6cken aus der Parzelle &#8222;Piana Vecchia&#8220; hergestellt. Diese alten Rebst\u00f6cke liefern nur wenige Gramm pro Pflanze, was zu einer au\u00dfergew\u00f6hnlichen Qualit\u00e4t f\u00fchrt. Die traditionelle Weinbereitung erfolgt in offenen Stahltanks mit einer Maischestandzeit von etwa 30 Tagen, wobei mehrere Abstiche vorgenommen werden.<\/p>\n<h6>Altern<\/h6>\n<p>18-24 Monate lang in 300-Liter-F\u00e4ssern aus franz\u00f6sischer Eiche mit einem Anteil von maximal 25% First-Pass-Holz gereift. Anschlie\u00dfend reift er in der Flasche, um seine au\u00dfergew\u00f6hnliche Komplexit\u00e4t und Tiefe zu erreichen.<\/p>\n<\/details>\n<details>\n<summary>Technische Informationen<\/summary>\n<h6>Verschluss Typ<\/h6>\n<p>Kork<\/p>\n<h6>Volumen (ml)<\/h6>\n<p>750ml<\/p>\n<h6>Rebsorte<\/h6>\n<p>100% Merlot<\/p>\n<h6>Region<\/h6>\n<p>Tessin, Schweiz<\/p>\n<h6>Alkohol (% vol.)<\/h6>\n<p>13.5%\u201314% (ca.)<\/p>\n<h6>Reifegrad<\/h6>\n<p>3-6+ Jahre<\/p>\n<h6>Verpackung<\/h6>\n<p><strong>WICHTIG<\/strong>: Dieses Produkt wird in einer Kiste mit 6 x 75cl Flaschen verkauft.<\/details>\n<details>\n<summary>Auszeichnungen und Rezensionen<\/summary>\n<h6>Auszeichnungen<\/h6>\n<ul>\n<li><strong>AWC Wien 2014:<\/strong> Silbermedaille f\u00fcr Tre Api 2010<\/li>\n<li><strong>Grand Prix du Vin Suisse 2014:<\/strong> Silbermedaille f\u00fcr Tre Api 2010, 85.4 Punkte<\/li>\n<li><strong>Grand Prix du Vin Suisse 2013:<\/strong> Silbermedaille f\u00fcr Tre Api 2009, 87 Punkte<\/li>\n<\/ul>\n<\/details>\n<p><a href=\"https:\/\/tenutabally.ch\/de\/shop\/\" class=\"button\">WEITER EINKAUFEN<\/a><\/p>\n","protected":false},"excerpt":{"rendered":"<p>Reichhaltig, strukturiert, samtig<\/p>\n","protected":false},"featured_media":3821,"comment_status":"closed","ping_status":"closed","template":"","meta":[],"product_brand":[106],"product_cat":[159],"product_tag":[161,142],"class_list":{"0":"post-5077","1":"product","2":"type-product","3":"status-publish","4":"has-post-thumbnail","6":"product_brand-tre-api","7":"product_cat-rot","8":"product_tag-riserva-de","9":"product_tag-tessin-merlot-doc","10":"product_shipping_class-case-6","12":"first","13":"outofstock","14":"taxable","15":"shipping-taxable","16":"purchasable","17":"product-type-simple"},"_links":{"self":[{"href":"https:\/\/tenutabally.ch\/de\/wp-json\/wp\/v2\/product\/5077","targetHints":{"allow":["GET"]}}],"collection":[{"href":"https:\/\/tenutabally.ch\/de\/wp-json\/wp\/v2\/product"}],"about":[{"href":"https:\/\/tenutabally.ch\/de\/wp-json\/wp\/v2\/types\/product"}],"replies":[{"embeddable":true,"href":"https:\/\/tenutabally.ch\/de\/wp-json\/wp\/v2\/comments?post=5077"}],"wp:featuredmedia":[{"embeddable":true,"href":"https:\/\/tenutabally.ch\/de\/wp-json\/wp\/v2\/media\/3821"}],"wp:attachment":[{"href":"https:\/\/tenutabally.ch\/de\/wp-json\/wp\/v2\/media?parent=5077"}],"wp:term":[{"taxonomy":"product_brand","embeddable":true,"href":"https:\/\/tenutabally.ch\/de\/wp-json\/wp\/v2\/product_brand?post=5077"},{"taxonomy":"product_cat","embeddable":true,"href":"https:\/\/tenutabally.ch\/de\/wp-json\/wp\/v2\/product_cat?post=5077"},{"taxonomy":"product_tag","embeddable":true,"href":"https:\/\/tenutabally.ch\/de\/wp-json\/wp\/v2\/product_tag?post=5077"}],"curies":[{"name":"wp","href":"https:\/\/api.w.org\/{rel}","templated":true}]}}