{"id":5070,"date":"2025-01-22T23:42:49","date_gmt":"2025-01-22T23:42:49","guid":{"rendered":"https:\/\/tenutabally.ch\/product\/2023-la-piana-kiste-6-x-75cl\/"},"modified":"2026-01-06T13:34:00","modified_gmt":"2026-01-06T12:34:00","slug":"2023-la-piana-75cl","status":"publish","type":"product","link":"https:\/\/tenutabally.ch\/de\/product\/2023-la-piana-75cl\/","title":{"rendered":"2023 La Piana (75cl)"},"content":{"rendered":"<details>\n<summary>Verkostungsnotizen<\/summary>\n<h6>Aroma<\/h6>\n<p>Frisch und aromatisch, mit Noten von tropischen Fr\u00fcchten, Grapefruit und Limette, erg\u00e4nzt durch subtile Ankl\u00e4nge an frisch geschnittenes Gras und Kr\u00e4uter.<\/p>\n<h6>Gaumen<\/h6>\n<p>Knackig, lebendig und mineralisch, mit Aromen von Zitrusfr\u00fcchten, exotischen Fr\u00fcchten und einem Hauch von gr\u00fcnem Apfel. Der Abgang ist anhaltend, ausgewogen und wird durch eine angenehme Salzigkeit verst\u00e4rkt.<\/p>\n<\/details>\n<details>\n<summary>Weinherstellung<\/summary>\n<h6>Weinbereitung<\/h6>\n<p>Der Wein wird ausschlie\u00dflich aus Sauvignon Blanc-Trauben aus dem renommierten Weinberg &#8222;La Piana&#8220; gekeltert. Er wird nach einer sanften Pressung wei\u00df vinifiziert, um sein aromatisches Profil zu bewahren.<\/p>\n<h6>Altern<\/h6>\n<p>In Edelstahltanks und in der Flasche f\u00fcr etwa 6 Monate gereift, um seine Frische und charakteristische Mineralit\u00e4t zu erhalten.<\/p>\n<\/details>\n<details>\n<summary>Technische Informationen<\/summary>\n<h6>Verschluss Typ<\/h6>\n<p>Kork<\/p>\n<h6>Volumen (ml)<\/h6>\n<p>750ml<\/p>\n<h6>Rebsorte<\/h6>\n<p>100% Sauvignon Blanc<\/p>\n<h6>Region<\/h6>\n<p>Tessin, Schweiz<\/p>\n<h6>Weinlese<\/h6>\n<p>2023<\/p>\n<h6>Alkohol (% vol.)<\/h6>\n<p>12%\u201312.5% (ca.)<\/p>\n<h6>Reifegrad<\/h6>\n<p>1-3 Jahre<\/p>\n<h6>Verpackung<\/h6>\n<p><strong>WICHTIG<\/strong>: Dieses Produkt wird in einer Kiste mit 6 x 75cl Flaschen verkauft.<\/p>\n<\/details>\n<p><a href=\"https:\/\/tenutabally.ch\/de\/shop\/\" class=\"button\">WEITER EINKAUFEN<\/a><\/p>\n","protected":false},"excerpt":{"rendered":"<p>Frisch, Mineral, Ausgewogen<\/p>\n","protected":false},"featured_media":4743,"comment_status":"closed","ping_status":"closed","template":"","meta":[],"product_brand":[109],"product_cat":[149],"product_tag":[],"class_list":{"0":"post-5070","1":"product","2":"type-product","3":"status-publish","4":"has-post-thumbnail","6":"product_brand-la-piana","7":"product_cat-weiss","9":"first","10":"instock","11":"taxable","12":"shipping-taxable","13":"purchasable","14":"product-type-simple"},"_links":{"self":[{"href":"https:\/\/tenutabally.ch\/de\/wp-json\/wp\/v2\/product\/5070","targetHints":{"allow":["GET"]}}],"collection":[{"href":"https:\/\/tenutabally.ch\/de\/wp-json\/wp\/v2\/product"}],"about":[{"href":"https:\/\/tenutabally.ch\/de\/wp-json\/wp\/v2\/types\/product"}],"replies":[{"embeddable":true,"href":"https:\/\/tenutabally.ch\/de\/wp-json\/wp\/v2\/comments?post=5070"}],"wp:featuredmedia":[{"embeddable":true,"href":"https:\/\/tenutabally.ch\/de\/wp-json\/wp\/v2\/media\/4743"}],"wp:attachment":[{"href":"https:\/\/tenutabally.ch\/de\/wp-json\/wp\/v2\/media?parent=5070"}],"wp:term":[{"taxonomy":"product_brand","embeddable":true,"href":"https:\/\/tenutabally.ch\/de\/wp-json\/wp\/v2\/product_brand?post=5070"},{"taxonomy":"product_cat","embeddable":true,"href":"https:\/\/tenutabally.ch\/de\/wp-json\/wp\/v2\/product_cat?post=5070"},{"taxonomy":"product_tag","embeddable":true,"href":"https:\/\/tenutabally.ch\/de\/wp-json\/wp\/v2\/product_tag?post=5070"}],"curies":[{"name":"wp","href":"https:\/\/api.w.org\/{rel}","templated":true}]}}