{"id":5067,"date":"2025-01-22T11:50:02","date_gmt":"2025-01-22T11:50:02","guid":{"rendered":"https:\/\/tenutabally.ch\/product\/2019-topazio-kiste-6-x-75cl\/"},"modified":"2026-01-06T13:34:01","modified_gmt":"2026-01-06T12:34:01","slug":"2019-topazio-75cl","status":"publish","type":"product","link":"https:\/\/tenutabally.ch\/de\/product\/2019-topazio-75cl\/","title":{"rendered":"2019 Topazio (75cl)"},"content":{"rendered":"<details>\n<summary>Verkostungsnotizen<\/summary>\n<h6>Aroma<\/h6>\n<p>Komplex und intensiv, mit Aromen von reifen roten Fr\u00fcchten wie schwarzen Johannisbeeren und Kirschen, erg\u00e4nzt durch Noten von s\u00fc\u00dfen Gew\u00fcrzen, Zigarrentabak, Zedernholz und einem Hauch von Graphit.<\/p>\n<h6>Gaumen<\/h6>\n<p>Kraftvoll und reichhaltig, mit einer vollmundigen Struktur und feink\u00f6rnigen Tanninen. Am Gaumen dominieren Aromen von dunklen Fr\u00fcchten, Gew\u00fcrzen und erdigen Noten, gefolgt von einem langen und anhaltenden w\u00fcrzigen Abgang mit einem subtilen Hauch von getoasteter Eiche. Ideal f\u00fcr eine langfristige Lagerung.<\/p>\n<\/details>\n<details>\n<summary>Weinherstellung<\/summary>\n<h6>Weinbereitung<\/h6>\n<p>Hergestellt aus einer Mischung von 75% Cabernet Sauvignon, 20% Merlot und 5% Cabernet Franc aus unseren Weinbergen &#8222;Ronco&#8220; und &#8222;Piana&#8220;, wo die Rebst\u00f6cke \u00fcber 35 Jahre alt sind. Der Boden ist eine Mischung aus Lehm und Kalkstein mit moderater Steinigkeit. Die traditionelle Weinbereitung findet in offenen Stahltanks statt, mit einer Mazeration von etwa 30 Tagen und mehreren Abstichen w\u00e4hrend der G\u00e4rung.<\/p>\n<h6>Altern<\/h6>\n<p>Er reifte fast 24 Monate lang in 300-Liter-F\u00e4ssern aus franz\u00f6sischer Eiche mit einem maximalen Anteil von 25% First-Pass-Holz. Diesem Prozess folgt eine l\u00e4ngere Flaschenreifung, um seine au\u00dfergew\u00f6hnliche Tiefe und Komplexit\u00e4t zu verfeinern.<\/p>\n<\/details>\n<details>\n<summary>Technische Informationen<\/summary>\n<h6>Verschluss Typ<\/h6>\n<p>Kork<\/p>\n<h6>Volumen (ml)<\/h6>\n<p>750ml<\/p>\n<h6>Rebsorte<\/h6>\n<p>75% Cabernet Sauvignon, 20% Merlot, 5% Cabernet Franc<\/p>\n<h6>Region<\/h6>\n<p>Tessin, Schweiz<\/p>\n<h6>Weinlese<\/h6>\n<p>2019<\/p>\n<h6>Alkohol (% vol.)<\/h6>\n<p>13.5%\u201314% (ca.)<\/p>\n<h6>Reifegrad<\/h6>\n<p>4-10+ Jahre<\/p>\n<h6>Verpackung<\/h6>\n<p><strong>WICHTIG<\/strong>: Dieses Produkt wird in einer Kiste mit 6 x 75cl Flaschen verkauft.<br \/>\n<\/details>\n<details>\n<summary>Auszeichnungen und Rezensionen<\/summary>\n<h6>Auszeichnungen<\/h6>\n<ul>\n<li><strong>Best of Schweizer Wein 2015:<\/strong> Anerkannt f\u00fcr Topazio 2011<\/li>\n<li><strong>AWC Wien 2014:<\/strong> Silbermedaille f\u00fcr Topazio 2010<\/li>\n<\/ul>\n<\/details>\n<p><a href=\"https:\/\/tenutabally.ch\/de\/shop\/\" class=\"button\">WEITER EINKAUFEN<\/a><\/p>\n","protected":false},"excerpt":{"rendered":"<p>Komplex, kraftvoll, elegant<\/p>\n","protected":false},"featured_media":4735,"comment_status":"closed","ping_status":"closed","template":"","meta":[],"product_brand":[107],"product_cat":[159],"product_tag":[160,145,161,142],"class_list":{"0":"post-5067","1":"product","2":"type-product","3":"status-publish","4":"has-post-thumbnail","6":"product_brand-topazio","7":"product_cat-rot","8":"product_tag-cabernet-franc-de","9":"product_tag-cabernet-sauvignon-de","10":"product_tag-riserva-de","11":"product_tag-tessin-merlot-doc","13":"first","14":"instock","15":"taxable","16":"shipping-taxable","17":"purchasable","18":"product-type-simple"},"_links":{"self":[{"href":"https:\/\/tenutabally.ch\/de\/wp-json\/wp\/v2\/product\/5067","targetHints":{"allow":["GET"]}}],"collection":[{"href":"https:\/\/tenutabally.ch\/de\/wp-json\/wp\/v2\/product"}],"about":[{"href":"https:\/\/tenutabally.ch\/de\/wp-json\/wp\/v2\/types\/product"}],"replies":[{"embeddable":true,"href":"https:\/\/tenutabally.ch\/de\/wp-json\/wp\/v2\/comments?post=5067"}],"wp:featuredmedia":[{"embeddable":true,"href":"https:\/\/tenutabally.ch\/de\/wp-json\/wp\/v2\/media\/4735"}],"wp:attachment":[{"href":"https:\/\/tenutabally.ch\/de\/wp-json\/wp\/v2\/media?parent=5067"}],"wp:term":[{"taxonomy":"product_brand","embeddable":true,"href":"https:\/\/tenutabally.ch\/de\/wp-json\/wp\/v2\/product_brand?post=5067"},{"taxonomy":"product_cat","embeddable":true,"href":"https:\/\/tenutabally.ch\/de\/wp-json\/wp\/v2\/product_cat?post=5067"},{"taxonomy":"product_tag","embeddable":true,"href":"https:\/\/tenutabally.ch\/de\/wp-json\/wp\/v2\/product_tag?post=5067"}],"curies":[{"name":"wp","href":"https:\/\/api.w.org\/{rel}","templated":true}]}}