{"id":5065,"date":"2025-01-22T11:54:50","date_gmt":"2025-01-22T11:54:50","guid":{"rendered":"https:\/\/tenutabally.ch\/product\/2023-sarabanda-kiste-6-x-75cl\/"},"modified":"2026-01-06T13:34:00","modified_gmt":"2026-01-06T12:34:00","slug":"2023-sarabanda-75cl","status":"publish","type":"product","link":"https:\/\/tenutabally.ch\/de\/product\/2023-sarabanda-75cl\/","title":{"rendered":"2023 Sarabanda (75cl)"},"content":{"rendered":"<details>\n<summary>Verkostungsnotizen<\/summary>\n<h6>Aroma<\/h6>\n<p>Blumig und fruchtig, mit zarten Noten von Waldbeeren, Grapefruit und wei\u00dfen Pfirsichen. Subtile Ankl\u00e4nge von Zitrusfr\u00fcchten und wei\u00dfen Blumen verleihen ihm eine erfrischende Komplexit\u00e4t.<\/p>\n<h6>Gaumen<\/h6>\n<p>Frisch und lebendig, mit einer angenehmen S\u00e4ure und Aromen von pikanter Grapefruit, wei\u00dfem Pfirsich und kleinen Waldfr\u00fcchten. Der Abgang ist weich, anhaltend und ausgewogen und macht ihn zu einer k\u00f6stlichen Wahl f\u00fcr eine Vielzahl von Gelegenheiten.<\/p>\n<\/details>\n<details>\n<summary>Weinherstellung<\/summary>\n<h6>Weinbereitung<\/h6>\n<p>Hergestellt aus 100% Merlot-Trauben, die von den j\u00fcngsten Rebst\u00f6cken des Weinguts stammen. Die Trauben werden sanft gepresst und als Wei\u00dfwein ohne jegliche Zus\u00e4tze zur Farbkorrektur vinifiziert.<\/p>\n<h6>Altern<\/h6>\n<p>In Edelstahltanks und in der Flasche f\u00fcr etwa sechs Monate gereift, um sein frisches und aromatisches Profil zu bewahren.<\/p>\n<\/details>\n<details>\n<summary>Technische Informationen<\/summary>\n<h6>Verschluss Typ<\/h6>\n<p>Kork<\/p>\n<h6>Volumen (ml)<\/h6>\n<p>750ml<\/p>\n<h6>Rebsorte<\/h6>\n<p>Bianco di Merlot<\/p>\n<h6>Region<\/h6>\n<p>Tessin, Schweiz<\/p>\n<h6>Weinlese<\/h6>\n<p>2023<\/p>\n<h6>Alkohol (% vol.)<\/h6>\n<p>12%\u201312.5% (ca.)<\/p>\n<h6>Reifegrad<\/h6>\n<p>1-2 Jahre<\/p>\n<h6>Verpackung<\/h6>\n<p><strong>WICHTIG<\/strong>: Dieses Produkt wird in einer Kiste mit 6 x 75cl Flaschen verkauft.<\/p>\n<\/details>\n<details>\n<summary>Auszeichnungen und Ehrungen<\/summary>\n<h6>Bewertungen<\/h6>\n<p><strong>Ticinovino 2008<\/strong>: Sarabanda 2007 &#8211; 88 Pt.<\/p>\n<\/details>\n<p><a href=\"https:\/\/tenutabally.ch\/de\/shop\/\" class=\"button\">WEITER EINKAUFEN<\/a><\/p>\n","protected":false},"excerpt":{"rendered":"<p>Blumig, Fruchtig, Zart<\/p>\n","protected":false},"featured_media":4727,"comment_status":"closed","ping_status":"closed","template":"","meta":[],"product_brand":[108],"product_cat":[149],"product_tag":[142],"class_list":{"0":"post-5065","1":"product","2":"type-product","3":"status-publish","4":"has-post-thumbnail","6":"product_brand-sarabanda","7":"product_cat-weiss","8":"product_tag-tessin-merlot-doc","10":"first","11":"instock","12":"taxable","13":"shipping-taxable","14":"purchasable","15":"product-type-simple"},"_links":{"self":[{"href":"https:\/\/tenutabally.ch\/de\/wp-json\/wp\/v2\/product\/5065","targetHints":{"allow":["GET"]}}],"collection":[{"href":"https:\/\/tenutabally.ch\/de\/wp-json\/wp\/v2\/product"}],"about":[{"href":"https:\/\/tenutabally.ch\/de\/wp-json\/wp\/v2\/types\/product"}],"replies":[{"embeddable":true,"href":"https:\/\/tenutabally.ch\/de\/wp-json\/wp\/v2\/comments?post=5065"}],"wp:featuredmedia":[{"embeddable":true,"href":"https:\/\/tenutabally.ch\/de\/wp-json\/wp\/v2\/media\/4727"}],"wp:attachment":[{"href":"https:\/\/tenutabally.ch\/de\/wp-json\/wp\/v2\/media?parent=5065"}],"wp:term":[{"taxonomy":"product_brand","embeddable":true,"href":"https:\/\/tenutabally.ch\/de\/wp-json\/wp\/v2\/product_brand?post=5065"},{"taxonomy":"product_cat","embeddable":true,"href":"https:\/\/tenutabally.ch\/de\/wp-json\/wp\/v2\/product_cat?post=5065"},{"taxonomy":"product_tag","embeddable":true,"href":"https:\/\/tenutabally.ch\/de\/wp-json\/wp\/v2\/product_tag?post=5065"}],"curies":[{"name":"wp","href":"https:\/\/api.w.org\/{rel}","templated":true}]}}