{"id":5061,"date":"2025-01-23T00:04:59","date_gmt":"2025-01-23T00:04:59","guid":{"rendered":"https:\/\/tenutabally.ch\/product\/2023-la-sfinge-kiste-6-x-75cl\/"},"modified":"2026-01-06T13:34:00","modified_gmt":"2026-01-06T12:34:00","slug":"2023-la-sfinge-75cl","status":"publish","type":"product","link":"https:\/\/tenutabally.ch\/de\/product\/2023-la-sfinge-75cl\/","title":{"rendered":"2023 La Sfinge (75cl)"},"content":{"rendered":"<details>\n<summary>Verkostungsnotizen<\/summary>\n<h6>Aroma<\/h6>\n<p>Reichhaltig und komplex, mit Aromen von reifen wei\u00dfen Fr\u00fcchten wie Pfirsich und Birne, sch\u00f6n ausbalanciert durch R\u00f6st- und Vanillenoten aus der Reifung in franz\u00f6sischer Eiche.<\/p>\n<h6>Gaumen<\/h6>\n<p>Vollmundig und geschmeidig, mit Aromen von Zitrusfr\u00fcchten, Honig und tropischen Fr\u00fcchten, mit einer cremigen Textur und einer lebendigen S\u00e4ure. Der Abgang ist lang, anhaltend und raffiniert und enth\u00fcllt Noten von ger\u00f6steten Mandeln und einen Hauch von Mineralit\u00e4t.<\/p>\n<\/details>\n<details>\n<summary>Weinherstellung<\/summary>\n<h6>Weinbereitung<\/h6>\n<p>Dieser Wein wird ausschlie\u00dflich aus 100% Chardonnay-Trauben aus dem Weinberg &#8222;La Piana&#8220; hergestellt, der f\u00fcr seinen hohen Kalkgehalt bekannt ist. Nach einer sanften Pressung findet die G\u00e4rung in franz\u00f6sischen Barriques statt, um reiche Aromen und Komplexit\u00e4t zu entwickeln.<\/p>\n<h6>Altern<\/h6>\n<p>Der Wein reift f\u00fcr 10 Monate auf der Feinhefe in franz\u00f6sischen Eichenf\u00e4ssern, mit h\u00e4ufiger Bat\u00f4nage, um seine Textur und Tiefe zu verbessern.<\/p>\n<\/details>\n<details>\n<summary>Technische Informationen<\/summary>\n<h6>Verschluss Typ<\/h6>\n<p>Kork<\/p>\n<h6>Volumen (ml)<\/h6>\n<p>750ml<\/p>\n<h6>Rebsorte<\/h6>\n<p>Chardonnay<\/p>\n<h6>Region<\/h6>\n<p>Tessin, Schweiz<\/p>\n<h6>Weinlese<\/h6>\n<p>2023<\/p>\n<h6>Alkohol (% vol.)<\/h6>\n<p>13%\u201313.5% (ca.)<\/p>\n<h6>Reifegrad<\/h6>\n<p>2-5 Jahre<\/p>\n<h6>Verpackung<\/h6>\n<p><strong>WICHTIG<\/strong>: Dieses Produkt wird in einer Kiste mit 6 x 75cl Flaschen verkauft.<br \/>\n<\/details>\n<details>\n<summary>Auszeichnungen und Rezensionen<\/summary>\n<h6>Auszeichnungen<\/h6>\n<ul>\n<li><strong>Grand Prix Vins Suisse 2016:<\/strong> Silbermedaille f\u00fcr La Sfinge 2012, 87 Punkte<\/li>\n<li><strong>AWC Wien 2014:<\/strong> Goldmedaille f\u00fcr La Sfinge 2011<\/li>\n<\/ul>\n<\/details>\n<p><a href=\"https:\/\/tenutabally.ch\/de\/shop\/\" class=\"button\">WEITER EINKAUFEN<\/a><\/p>\n","protected":false},"excerpt":{"rendered":"<p>Elegant, Cremig, Ausgewogen<\/p>\n","protected":false},"featured_media":4747,"comment_status":"closed","ping_status":"closed","template":"","meta":[],"product_brand":[112],"product_cat":[149],"product_tag":[],"class_list":{"0":"post-5061","1":"product","2":"type-product","3":"status-publish","4":"has-post-thumbnail","6":"product_brand-la-sfinge","7":"product_cat-weiss","9":"first","10":"instock","11":"taxable","12":"shipping-taxable","13":"purchasable","14":"product-type-simple"},"_links":{"self":[{"href":"https:\/\/tenutabally.ch\/de\/wp-json\/wp\/v2\/product\/5061","targetHints":{"allow":["GET"]}}],"collection":[{"href":"https:\/\/tenutabally.ch\/de\/wp-json\/wp\/v2\/product"}],"about":[{"href":"https:\/\/tenutabally.ch\/de\/wp-json\/wp\/v2\/types\/product"}],"replies":[{"embeddable":true,"href":"https:\/\/tenutabally.ch\/de\/wp-json\/wp\/v2\/comments?post=5061"}],"wp:featuredmedia":[{"embeddable":true,"href":"https:\/\/tenutabally.ch\/de\/wp-json\/wp\/v2\/media\/4747"}],"wp:attachment":[{"href":"https:\/\/tenutabally.ch\/de\/wp-json\/wp\/v2\/media?parent=5061"}],"wp:term":[{"taxonomy":"product_brand","embeddable":true,"href":"https:\/\/tenutabally.ch\/de\/wp-json\/wp\/v2\/product_brand?post=5061"},{"taxonomy":"product_cat","embeddable":true,"href":"https:\/\/tenutabally.ch\/de\/wp-json\/wp\/v2\/product_cat?post=5061"},{"taxonomy":"product_tag","embeddable":true,"href":"https:\/\/tenutabally.ch\/de\/wp-json\/wp\/v2\/product_tag?post=5061"}],"curies":[{"name":"wp","href":"https:\/\/api.w.org\/{rel}","templated":true}]}}