{"id":5050,"date":"2025-05-02T14:04:49","date_gmt":"2025-05-02T14:04:49","guid":{"rendered":"https:\/\/tenutabally.ch\/product\/2020-quarzo-kiste-3-x-150cl\/"},"modified":"2026-01-06T13:33:59","modified_gmt":"2026-01-06T12:33:59","slug":"2020-quarzo-150cl","status":"publish","type":"product","link":"https:\/\/tenutabally.ch\/de\/product\/2020-quarzo-150cl\/","title":{"rendered":"2020 Quarzo (150cl)"},"content":{"rendered":"<details>\n<summary>Verkostungsnotizen<\/summary>\n<h6>Aroma<\/h6>\n<p>Fruchtig in der Nase, mit Noten von Walderdbeeren und wei\u00dffleischigen Fr\u00fcchten, erg\u00e4nzt durch blumige Ankl\u00e4nge und Holunderbl\u00fcten.<\/p>\n<h6>Gaumen<\/h6>\n<p>Angenehm prickelnd, mit feinen und anhaltenden Bl\u00e4schen. Am Gaumen ist er trocken, erfrischend und ausgewogen, was ihn zu einem ausgezeichneten Schaumwein macht, der zu allen Mahlzeiten passt.<\/p>\n<\/details>\n<details>\n<summary>Weinherstellung<\/summary>\n<p>Hergestellt aus 100% Merlot-Trauben, die im Weinberg &#8222;Collina&#8220; angebaut werden, wo das Vorhandensein von Quarz von gro\u00dfer Bedeutung ist. Der Wein wird nach der traditionellen wei\u00dfen Methode vinifiziert, mit sanfter Pressung und anschlie\u00dfender zweiter G\u00e4rung in der Flasche nach der klassischen Methode.<\/p>\n<\/details>\n<details>\n<summary>Technische Informationen<\/summary>\n<h6>Altern<\/h6>\n<p>Mindestens 12 Monate auf der Hefe. Dosierung Brut.<\/p>\n<h6>Verschluss Typ<\/h6>\n<p>Kork<\/p>\n<h6>Volumen (ml)<\/h6>\n<p>750ml<\/p>\n<h6>Rebsorte<\/h6>\n<p>Spumante di Merlot<\/p>\n<h6>Region<\/h6>\n<p>Tessin, Schweiz<\/p>\n<h6>Weinlese<\/h6>\n<p>2013<\/p>\n<h6>Alkohol (% vol.)<\/h6>\n<p>12%\u201312.5% (ca.)<\/p>\n<h6>Reifegrad<\/h6>\n<p>Bereit zum Trinken, am besten innerhalb von 2 Jahren.<\/p>\n<h6>Verpackung<\/h6>\n<p><strong>WICHTIG<\/strong>: Dieses Produkt wird in einer Kiste mit 6 x 75cl Flaschen verkauft.<\/details>\n<details>\n<summary>Anerkennungen und Auszeichnungen<\/summary>\n<h6>AWC Wien 2015<\/h6>\n<p>Silbermedaille &#8211; Quarzo 2013<\/p>\n<h6>Peter Keller, NZZ (April 2015)<\/h6>\n<p>Wein der Woche &#8211; Quarzo 2013<\/p>\n<\/details>\n<p><a href=\"https:\/\/tenutabally.ch\/de\/shop\/\" class=\"button\">WEITER EINKAUFEN<\/a><\/p>\n","protected":false},"excerpt":{"rendered":"<p>Hell, Elegant, Ausgewogen<\/p>\n","protected":false},"featured_media":4772,"comment_status":"closed","ping_status":"closed","template":"","meta":[],"product_brand":[120],"product_cat":[141],"product_tag":[144,142],"class_list":{"0":"post-5050","1":"product","2":"type-product","3":"status-publish","4":"has-post-thumbnail","6":"product_brand-quarzo","7":"product_cat-prickelnd","8":"product_tag-magnum-de","9":"product_tag-tessin-merlot-doc","11":"first","12":"instock","13":"taxable","14":"shipping-taxable","15":"purchasable","16":"product-type-simple"},"_links":{"self":[{"href":"https:\/\/tenutabally.ch\/de\/wp-json\/wp\/v2\/product\/5050","targetHints":{"allow":["GET"]}}],"collection":[{"href":"https:\/\/tenutabally.ch\/de\/wp-json\/wp\/v2\/product"}],"about":[{"href":"https:\/\/tenutabally.ch\/de\/wp-json\/wp\/v2\/types\/product"}],"replies":[{"embeddable":true,"href":"https:\/\/tenutabally.ch\/de\/wp-json\/wp\/v2\/comments?post=5050"}],"wp:featuredmedia":[{"embeddable":true,"href":"https:\/\/tenutabally.ch\/de\/wp-json\/wp\/v2\/media\/4772"}],"wp:attachment":[{"href":"https:\/\/tenutabally.ch\/de\/wp-json\/wp\/v2\/media?parent=5050"}],"wp:term":[{"taxonomy":"product_brand","embeddable":true,"href":"https:\/\/tenutabally.ch\/de\/wp-json\/wp\/v2\/product_brand?post=5050"},{"taxonomy":"product_cat","embeddable":true,"href":"https:\/\/tenutabally.ch\/de\/wp-json\/wp\/v2\/product_cat?post=5050"},{"taxonomy":"product_tag","embeddable":true,"href":"https:\/\/tenutabally.ch\/de\/wp-json\/wp\/v2\/product_tag?post=5050"}],"curies":[{"name":"wp","href":"https:\/\/api.w.org\/{rel}","templated":true}]}}