{"id":5047,"date":"2025-03-28T13:34:08","date_gmt":"2025-03-28T13:34:08","guid":{"rendered":"https:\/\/tenutabally.ch\/product\/amerikanischer-traubenschnaps\/"},"modified":"2026-01-06T13:33:59","modified_gmt":"2026-01-06T12:33:59","slug":"amerikanischer-traubenschnaps","status":"publish","type":"product","link":"https:\/\/tenutabally.ch\/de\/product\/amerikanischer-traubenschnaps\/","title":{"rendered":"Acquavite di uva americana"},"content":{"rendered":"<h2>Americana-Traubenbrand<\/h2>\n<p>Wir stellen Ihnen unseren Natural American Grape Brandy vor, eine reine und authentische Spirituose, die aus den besten amerikanischen Trauben hergestellt wird. Dieser Acquavite f\u00e4ngt die Essenz der Rebsorte ein und bietet ein sanftes und nat\u00fcrliches Trinkerlebnis. <\/p>\n<details>\n<summary>Produktionsprozess<\/summary>\n<p>Unser Natural American Grape Brandy wird durch ein sorgf\u00e4ltiges Destillationsverfahren hergestellt, bei dem die nat\u00fcrlichen Geschmacksstoffe und Aromen der amerikanischen Trauben erhalten bleiben. Die Trauben werden fermentiert und dann destilliert, um eine reine und authentische Spirituose zu erhalten, die frei von Zus\u00e4tzen oder k\u00fcnstlichen Zus\u00e4tzen ist.<\/p>\n<\/details>\n<details>\n<summary>Technische Informationen<\/summary>\n<h6>Rebsorte<\/h6>\n<p>Amerikanische Trauben<\/p>\n<h6>Alkoholgehalt<\/h6>\n<p>43% vol<\/p>\n<h6>Typ<\/h6>\n<p>Nat\u00fcrlicher Traubenschnaps<\/p>\n<\/details>\n<p><a href=\"https:\/\/tenutabally.ch\/de\/shop\/\" class=\"button\">WEITER EINKAUFEN<\/a><\/p>\n","protected":false},"excerpt":{"rendered":"<p>Hell, Elegant, Ausgewogen<\/p>\n","protected":false},"featured_media":5877,"comment_status":"closed","ping_status":"closed","template":"","meta":[],"product_brand":[115],"product_cat":[136],"product_tag":[137],"class_list":{"0":"post-5047","1":"product","2":"type-product","3":"status-publish","4":"has-post-thumbnail","6":"product_brand-acquavitae","7":"product_cat-destilliert","8":"product_tag-amerikanische-traube","10":"first","11":"instock","12":"taxable","13":"shipping-taxable","14":"purchasable","15":"product-type-simple"},"_links":{"self":[{"href":"https:\/\/tenutabally.ch\/de\/wp-json\/wp\/v2\/product\/5047","targetHints":{"allow":["GET"]}}],"collection":[{"href":"https:\/\/tenutabally.ch\/de\/wp-json\/wp\/v2\/product"}],"about":[{"href":"https:\/\/tenutabally.ch\/de\/wp-json\/wp\/v2\/types\/product"}],"replies":[{"embeddable":true,"href":"https:\/\/tenutabally.ch\/de\/wp-json\/wp\/v2\/comments?post=5047"}],"wp:featuredmedia":[{"embeddable":true,"href":"https:\/\/tenutabally.ch\/de\/wp-json\/wp\/v2\/media\/5877"}],"wp:attachment":[{"href":"https:\/\/tenutabally.ch\/de\/wp-json\/wp\/v2\/media?parent=5047"}],"wp:term":[{"taxonomy":"product_brand","embeddable":true,"href":"https:\/\/tenutabally.ch\/de\/wp-json\/wp\/v2\/product_brand?post=5047"},{"taxonomy":"product_cat","embeddable":true,"href":"https:\/\/tenutabally.ch\/de\/wp-json\/wp\/v2\/product_cat?post=5047"},{"taxonomy":"product_tag","embeddable":true,"href":"https:\/\/tenutabally.ch\/de\/wp-json\/wp\/v2\/product_tag?post=5047"}],"curies":[{"name":"wp","href":"https:\/\/api.w.org\/{rel}","templated":true}]}}